{"id":15873,"date":"2025-09-02T08:22:06","date_gmt":"2025-09-02T05:22:06","guid":{"rendered":"https:\/\/vendon.net\/?page_id=15873"},"modified":"2025-09-02T13:04:54","modified_gmt":"2025-09-02T10:04:54","slug":"compliance-and-whistleblowing-channel","status":"publish","type":"page","link":"https:\/\/vendon.net\/de\/compliance-and-whistleblowing-channel\/","title":{"rendered":"Compliance and Whistleblowing Channel"},"content":{"rendered":"<div data-elementor-type=\"wp-page\" data-elementor-id=\"15873\" class=\"elementor elementor-15873\" data-elementor-post-type=\"page\">\n\t\t\t\t<div class=\"elementor-element elementor-element-7a0530ef e-flex e-con-boxed e-con e-parent\" data-id=\"7a0530ef\" data-element_type=\"container\">\n\t\t\t\t\t<div class=\"e-con-inner\">\n\t\t\t\t\t<\/div>\n\t\t\t\t<\/div>\n\t\t<div class=\"elementor-element elementor-element-859273f e-flex e-con-boxed e-con e-parent\" data-id=\"859273f\" data-element_type=\"container\">\n\t\t\t\t\t<div class=\"e-con-inner\">\n\t\t<div class=\"elementor-element elementor-element-3feb623 e-con-full section-container e-flex e-con e-child\" data-id=\"3feb623\" data-element_type=\"container\">\n\t\t\t\t<div class=\"elementor-element elementor-element-4c6341e elementor-widget__width-initial elementor-widget elementor-widget-heading\" data-id=\"4c6341e\" data-element_type=\"widget\" data-widget_type=\"heading.default\">\n\t\t\t\t<div class=\"elementor-widget-container\">\n\t\t\t\t\t<h1 class=\"elementor-heading-title elementor-size-default\">Whistleblowing-Kanal<\/h1>\t\t\t\t<\/div>\n\t\t\t\t<\/div>\n\t\t\t\t<\/div>\n\t\t\t\t\t<\/div>\n\t\t\t\t<\/div>\n\t\t<div class=\"elementor-element elementor-element-d62773f e-flex e-con-boxed e-con e-parent\" data-id=\"d62773f\" data-element_type=\"container\">\n\t\t\t\t\t<div class=\"e-con-inner\">\n\t\t\t\t<div class=\"elementor-element elementor-element-a3100e6 elementor-widget elementor-widget-text-editor\" data-id=\"a3100e6\" data-element_type=\"widget\" data-widget_type=\"text-editor.default\">\n\t\t\t\t<div class=\"elementor-widget-container\">\n\t\t\t\t\t\t\t\t\t<p>In \u00dcbereinstimmung mit den gesetzlichen Bestimmungen verf\u00fcgt Vendon auch \u00fcber einen Meldekanal (auch Whistleblowing-Kanal), der hier zug\u00e4nglich ist:\u00a0 <strong><span style=\"text-decoration: underline;\"><span style=\"color: #000000; text-decoration: underline;\"><a style=\"color: #000000; text-decoration: underline;\" href=\"https:\/\/azkoyengroup.integrityline.com\/\">WHISTLEBLOWING-KANAL<\/a><\/span><\/span><\/strong>.<\/p><p>Der Whistleblowing-Kanal richtet sich an alle Fachleute und Stakeholder der zur Azkoyen-Gruppe geh\u00f6renden Unternehmen, die Kenntnis von einer Unregelm\u00e4\u00dfigkeit haben oder haben k\u00f6nnten, die von einem anderen Mitarbeiter, Manager oder Gesch\u00e4ftsf\u00fchrer, von Kunden oder Lieferanten begangen wurde.<\/p><p>Gegenstand einer Beschwerde k\u00f6nnen alle Angestellten, leitenden Angestellten, Mitglieder des Vorstandes oder externe Mitarbeiter der Gruppe sein, die ihrer Autorit\u00e4t unterliegen und Unregelm\u00e4\u00dfigkeiten oder Verhaltensweisen begangen haben, die im nachstehenden Bereich genannt sind.<\/p><p>Ziel des Meldekanals ist die Entgegennahme, der Umgang und die Bearbeitung von Meldungen im Zusammenhang mit Verst\u00f6\u00dfen gegen geltendes Recht oder Vorf\u00e4llen von Missachtung, die von Mitarbeitern oder Unternehmen begangen wurden.<\/p><p>Es handelt sich um einen vertraulichen Kommunikationskanal, der f\u00fcr Mitarbeiter, Kunden, Lieferanten, Aktion\u00e4re und andere Beteiligte. zug\u00e4nglich ist, die mit der Azkoyen-Gruppe, dem Audit-Ausschuss und der Unternehmensleitung verbunden sind.<\/p><p>Beim Betrieb des Whistleblowing-Kanals haben Vendon und die AZKOYEN einen\u00a0<span style=\"text-decoration: underline; color: #000000;\"><a style=\"color: #000000; text-decoration: underline;\" href=\"https:\/\/vendon.net\/wp-content\/uploads\/2024\/11\/Joint-Processing-Agreement.pdf\">Vertrag \u00fcber die gemeinschaftliche Verantwortung<\/a><\/span>\u00a0unterzeichnet, da sie gemeinsam die erworbenen personenbezogenen Daten gem\u00e4\u00df der Europ\u00e4ischen Verordnung 2016\/679 (im Folgenden DSGVO) auf die im Vertrag genau festgelegten Arten verarbeiten.<\/p><p>Weitere Informationen finden Sie in den\u00a0<span style=\"text-decoration: underline;\"><span style=\"color: #000000; text-decoration: underline;\"><a style=\"color: #000000; text-decoration: underline;\" href=\"https:\/\/vendon.net\/wp-content\/uploads\/2024\/11\/Whistleblowing-Channel-Policy.pdf\">Richtlinien des Whistleblowing-Kanals<\/a><\/span><\/span>\u00a0und den<span style=\"text-decoration: underline;\"><span style=\"color: #000000; text-decoration: underline;\">\u00a0<a style=\"color: #000000; text-decoration: underline;\" href=\"https:\/\/vendon.net\/wp-content\/uploads\/2024\/11\/Privacy-Policy-of-the-whistleblowing-channel.pdf\">Datenschutzbestimmungen des Whistleblowing-Kanals.<\/a>.<\/span><\/span><\/p><p>Durch Abruf oder Nutzung dieser Webseite oder jeglicher unserer Dienste stimmen Sie den Bedingungen in dieser Datenschutzerkl\u00e4rung, Cookie-Richtlinie sowie anderen Bedingungen und Richtlinien auf unserer Webseite zu. Falls Sie dieser Datenschutzerkl\u00e4rung nicht zustimmen, m\u00fcssen Sie diese Webseite verlassen und s\u00e4mtliche Nutzung jeglicher unserer Dienste einstellen.<\/p>\t\t\t\t\t\t\t\t<\/div>\n\t\t\t\t<\/div>\n\t\t\t\t\t<\/div>\n\t\t\t\t<\/div>\n\t\t\t\t<\/div>","protected":false},"excerpt":{"rendered":"<p>Compliance and Whistleblowing Channel \u200b In compliance with legislative requirements, Vendon also has a Whistleblowing Channel accessible here:\u00a0 WHISTLEBLOWING CHANNEL. The whistleblowing channel is intended for all professionals and stakeholders of the companies that make up the Azkoyen Group, who are or might be aware of a violation committed by any other worker, manager, or [&hellip;]<\/p>","protected":false},"author":28,"featured_media":0,"parent":0,"menu_order":0,"comment_status":"closed","ping_status":"closed","template":"","meta":{"site-sidebar-layout":"no-sidebar","site-content-layout":"page-builder","ast-site-content-layout":"full-width-container","site-content-style":"default","site-sidebar-style":"default","ast-global-header-display":"","ast-banner-title-visibility":"","ast-main-header-display":"","ast-hfb-above-header-display":"","ast-hfb-below-header-display":"","ast-hfb-mobile-header-display":"","site-post-title":"disabled","ast-breadcrumbs-content":"","ast-featured-img":"disabled","footer-sml-layout":"","theme-transparent-header-meta":"default","adv-header-id-meta":"","stick-header-meta":"","header-above-stick-meta":"","header-main-stick-meta":"","header-below-stick-meta":"","astra-migrate-meta-layouts":"set","ast-page-background-enabled":"default","ast-page-background-meta":{"desktop":{"background-color":"","background-image":"","background-repeat":"repeat","background-position":"center center","background-size":"auto","background-attachment":"scroll","background-type":"","background-media":"","overlay-type":"","overlay-color":"","overlay-gradient":""},"tablet":{"background-color":"","background-image":"","background-repeat":"repeat","background-position":"center center","background-size":"auto","background-attachment":"scroll","background-type":"","background-media":"","overlay-type":"","overlay-color":"","overlay-gradient":""},"mobile":{"background-color":"","background-image":"","background-repeat":"repeat","background-position":"center center","background-size":"auto","background-attachment":"scroll","background-type":"","background-media":"","overlay-type":"","overlay-color":"","overlay-gradient":""}},"ast-content-background-meta":{"desktop":{"background-color":"var(--ast-global-color-5)","background-image":"","background-repeat":"repeat","background-position":"center center","background-size":"auto","background-attachment":"scroll","background-type":"","background-media":"","overlay-type":"","overlay-color":"","overlay-gradient":""},"tablet":{"background-color":"var(--ast-global-color-5)","background-image":"","background-repeat":"repeat","background-position":"center center","background-size":"auto","background-attachment":"scroll","background-type":"","background-media":"","overlay-type":"","overlay-color":"","overlay-gradient":""},"mobile":{"background-color":"var(--ast-global-color-5)","background-image":"","background-repeat":"repeat","background-position":"center center","background-size":"auto","background-attachment":"scroll","background-type":"","background-media":"","overlay-type":"","overlay-color":"","overlay-gradient":""}},"footnotes":""},"yoast_head":"<!-- This site is optimized with the Yoast SEO plugin v22.7 - https:\/\/yoast.com\/wordpress\/plugins\/seo\/ -->\n<title>Compliance and Whistleblowing Channel - Vendon<\/title>\n<meta name=\"robots\" content=\"index, follow, max-snippet:-1, max-image-preview:large, max-video-preview:-1\" \/>\n<link rel=\"canonical\" href=\"\/de\/wp-json\/wp\/v2\/pages\/15873\" \/>\n<meta property=\"og:locale\" content=\"de_DE\" \/>\n<meta property=\"og:type\" content=\"article\" \/>\n<meta property=\"og:title\" content=\"Compliance and Whistleblowing Channel - Vendon\" \/>\n<meta property=\"og:description\" content=\"Compliance and Whistleblowing Channel \u200b In compliance with legislative requirements, Vendon also has a Whistleblowing Channel accessible here:\u00a0 WHISTLEBLOWING CHANNEL. The whistleblowing channel is intended for all professionals and stakeholders of the companies that make up the Azkoyen Group, who are or might be aware of a violation committed by any other worker, manager, or [&hellip;]\" \/>\n<meta property=\"og:url\" content=\"https:\/\/vendon.net\/de\/compliance-and-whistleblowing-channel\/\" \/>\n<meta property=\"og:site_name\" content=\"Vendon\" \/>\n<meta property=\"article:modified_time\" content=\"2025-09-02T10:04:54+00:00\" \/>\n<meta name=\"twitter:card\" content=\"summary_large_image\" \/>\n<meta name=\"twitter:label1\" content=\"Gesch\u00e4tzte Lesezeit\" \/>\n\t<meta name=\"twitter:data1\" content=\"1 Minute\" \/>\n<script type=\"application\/ld+json\" class=\"yoast-schema-graph\">{\"@context\":\"https:\/\/schema.org\",\"@graph\":[{\"@type\":\"WebPage\",\"@id\":\"https:\/\/vendon.net\/compliance-and-whistleblowing-channel\/\",\"url\":\"https:\/\/vendon.net\/compliance-and-whistleblowing-channel\/\",\"name\":\"Compliance and Whistleblowing Channel - Vendon\",\"isPartOf\":{\"@id\":\"https:\/\/vendon.net\/#website\"},\"datePublished\":\"2025-09-02T05:22:06+00:00\",\"dateModified\":\"2025-09-02T10:04:54+00:00\",\"inLanguage\":\"de-DE\",\"potentialAction\":[{\"@type\":\"ReadAction\",\"target\":[\"https:\/\/vendon.net\/compliance-and-whistleblowing-channel\/\"]}]},{\"@type\":\"WebSite\",\"@id\":\"https:\/\/vendon.net\/#website\",\"url\":\"https:\/\/vendon.net\/\",\"name\":\"Vendon\",\"description\":\"\",\"publisher\":{\"@id\":\"https:\/\/vendon.net\/#organization\"},\"potentialAction\":[{\"@type\":\"SearchAction\",\"target\":{\"@type\":\"EntryPoint\",\"urlTemplate\":\"https:\/\/vendon.net\/?s={search_term_string}\"},\"query-input\":\"required name=search_term_string\"}],\"inLanguage\":\"de-DE\"},{\"@type\":\"Organization\",\"@id\":\"https:\/\/vendon.net\/#organization\",\"name\":\"Vendon\",\"url\":\"https:\/\/vendon.net\/\",\"logo\":{\"@type\":\"ImageObject\",\"inLanguage\":\"de-DE\",\"@id\":\"https:\/\/vendon.net\/#\/schema\/logo\/image\/\",\"url\":\"https:\/\/vendon.net\/wp-content\/uploads\/2022\/07\/Layer_1.svg\",\"contentUrl\":\"https:\/\/vendon.net\/wp-content\/uploads\/2022\/07\/Layer_1.svg\",\"width\":197,\"height\":40,\"caption\":\"Vendon\"},\"image\":{\"@id\":\"https:\/\/vendon.net\/#\/schema\/logo\/image\/\"}}]}<\/script>\n<!-- \/ Yoast SEO plugin. -->","yoast_head_json":{"title":"Compliance and Whistleblowing Channel - Vendon","robots":{"index":"index","follow":"follow","max-snippet":"max-snippet:-1","max-image-preview":"max-image-preview:large","max-video-preview":"max-video-preview:-1"},"canonical":"\/de\/wp-json\/wp\/v2\/pages\/15873","og_locale":"de_DE","og_type":"article","og_title":"Compliance and Whistleblowing Channel - Vendon","og_description":"Compliance and Whistleblowing Channel \u200b In compliance with legislative requirements, Vendon also has a Whistleblowing Channel accessible here:\u00a0 WHISTLEBLOWING CHANNEL. The whistleblowing channel is intended for all professionals and stakeholders of the companies that make up the Azkoyen Group, who are or might be aware of a violation committed by any other worker, manager, or [&hellip;]","og_url":"https:\/\/vendon.net\/de\/compliance-and-whistleblowing-channel\/","og_site_name":"Vendon","article_modified_time":"2025-09-02T10:04:54+00:00","twitter_card":"summary_large_image","twitter_misc":{"Gesch\u00e4tzte Lesezeit":"1 Minute"},"schema":{"@context":"https:\/\/schema.org","@graph":[{"@type":"WebPage","@id":"https:\/\/vendon.net\/compliance-and-whistleblowing-channel\/","url":"https:\/\/vendon.net\/compliance-and-whistleblowing-channel\/","name":"Compliance and Whistleblowing Channel - Vendon","isPartOf":{"@id":"https:\/\/vendon.net\/#website"},"datePublished":"2025-09-02T05:22:06+00:00","dateModified":"2025-09-02T10:04:54+00:00","inLanguage":"de-DE","potentialAction":[{"@type":"ReadAction","target":["https:\/\/vendon.net\/compliance-and-whistleblowing-channel\/"]}]},{"@type":"WebSite","@id":"https:\/\/vendon.net\/#website","url":"https:\/\/vendon.net\/","name":"Vendon","description":"","publisher":{"@id":"https:\/\/vendon.net\/#organization"},"potentialAction":[{"@type":"SearchAction","target":{"@type":"EntryPoint","urlTemplate":"https:\/\/vendon.net\/?s={search_term_string}"},"query-input":"required name=search_term_string"}],"inLanguage":"de-DE"},{"@type":"Organization","@id":"https:\/\/vendon.net\/#organization","name":"Vendon","url":"https:\/\/vendon.net\/","logo":{"@type":"ImageObject","inLanguage":"de-DE","@id":"https:\/\/vendon.net\/#\/schema\/logo\/image\/","url":"https:\/\/vendon.net\/wp-content\/uploads\/2022\/07\/Layer_1.svg","contentUrl":"https:\/\/vendon.net\/wp-content\/uploads\/2022\/07\/Layer_1.svg","width":197,"height":40,"caption":"Vendon"},"image":{"@id":"https:\/\/vendon.net\/#\/schema\/logo\/image\/"}}]}},"_links":{"self":[{"href":"https:\/\/vendon.net\/de\/wp-json\/wp\/v2\/pages\/15873"}],"collection":[{"href":"https:\/\/vendon.net\/de\/wp-json\/wp\/v2\/pages"}],"about":[{"href":"https:\/\/vendon.net\/de\/wp-json\/wp\/v2\/types\/page"}],"author":[{"embeddable":true,"href":"https:\/\/vendon.net\/de\/wp-json\/wp\/v2\/users\/28"}],"replies":[{"embeddable":true,"href":"https:\/\/vendon.net\/de\/wp-json\/wp\/v2\/comments?post=15873"}],"version-history":[{"count":9,"href":"https:\/\/vendon.net\/de\/wp-json\/wp\/v2\/pages\/15873\/revisions"}],"predecessor-version":[{"id":15933,"href":"https:\/\/vendon.net\/de\/wp-json\/wp\/v2\/pages\/15873\/revisions\/15933"}],"wp:attachment":[{"href":"https:\/\/vendon.net\/de\/wp-json\/wp\/v2\/media?parent=15873"}],"curies":[{"name":"wp","href":"https:\/\/api.w.org\/{rel}","templated":true}]}}