{"id":19168,"date":"2025-09-24T10:10:56","date_gmt":"2025-09-24T07:10:56","guid":{"rendered":"https:\/\/vendon.net\/?page_id=19168"},"modified":"2025-10-01T15:04:00","modified_gmt":"2025-10-01T12:04:00","slug":"c-c-programmetajs-a","status":"publish","type":"page","link":"https:\/\/vendon.net\/de\/career\/c-c-programmetajs-a\/","title":{"rendered":"C\/C++ programm\u0113t\u0101js\/-a"},"content":{"rendered":"<div data-elementor-type=\"wp-page\" data-elementor-id=\"19168\" class=\"elementor elementor-19168\" data-elementor-post-type=\"page\">\n\t\t\t\t<div class=\"elementor-element elementor-element-8d2e18f e-flex e-con-boxed e-con e-parent\" data-id=\"8d2e18f\" data-element_type=\"container\">\n\t\t\t\t\t<div class=\"e-con-inner\">\n\t\t<div class=\"elementor-element elementor-element-727f16a e-con-full e-flex e-con e-child\" data-id=\"727f16a\" data-element_type=\"container\">\n\t\t<div class=\"elementor-element elementor-element-534fc55 e-con-full e-flex e-con e-child\" data-id=\"534fc55\" data-element_type=\"container\">\n\t\t<div class=\"elementor-element elementor-element-fc84e1b e-con-full text-container-flex e-flex e-con e-child\" data-id=\"fc84e1b\" data-element_type=\"container\">\n\t\t<div class=\"elementor-element elementor-element-2b3eb70 e-con-full e-flex e-con e-child\" data-id=\"2b3eb70\" data-element_type=\"container\">\n\t\t\t\t<div class=\"elementor-element elementor-element-eb26ee0 elementor-widget elementor-widget-heading\" data-id=\"eb26ee0\" data-element_type=\"widget\" data-widget_type=\"heading.default\">\n\t\t\t\t<div class=\"elementor-widget-container\">\n\t\t\t\t\t<h2 class=\"elementor-heading-title elementor-size-default\">Aicin\u0101m komand\u0101<\/h2>\t\t\t\t<\/div>\n\t\t\t\t<\/div>\n\t\t\t\t<div class=\"elementor-element elementor-element-c6eb542 hero-title elementor-widget__width-inherit elementor-widget elementor-widget-heading\" data-id=\"c6eb542\" data-element_type=\"widget\" data-widget_type=\"heading.default\">\n\t\t\t\t<div class=\"elementor-widget-container\">\n\t\t\t\t\t<h2 class=\"elementor-heading-title elementor-size-default\">C\/C++ programm\u0113t\u0101ju<\/h2>\t\t\t\t<\/div>\n\t\t\t\t<\/div>\n\t\t\t\t<\/div>\n\t\t\t\t<\/div>\n\t\t<div class=\"elementor-element elementor-element-01e2334 e-con-full elementor-hidden-tablet elementor-hidden-mobile e-flex e-con e-child\" data-id=\"01e2334\" data-element_type=\"container\" data-settings=\"{&quot;background_background&quot;:&quot;classic&quot;}\">\n\t\t<div class=\"elementor-element elementor-element-e30d398 e-con-full e-flex e-con e-child\" data-id=\"e30d398\" data-element_type=\"container\">\n\t\t\t\t<div class=\"elementor-element elementor-element-8005d8c elementor-widget elementor-widget-image\" data-id=\"8005d8c\" data-element_type=\"widget\" data-widget_type=\"image.default\">\n\t\t\t\t<div class=\"elementor-widget-container\">\n\t\t\t\t\t\t\t\t\t\t\t\t\t\t\t<img fetchpriority=\"high\" decoding=\"async\" width=\"1024\" height=\"885\" src=\"https:\/\/vendon.net\/wp-content\/uploads\/2025\/09\/Contact-Vendon-2-1024x885.webp\" class=\"attachment-large size-large wp-image-18020\" alt=\"\" srcset=\"https:\/\/vendon.net\/wp-content\/uploads\/2025\/09\/Contact-Vendon-2-1024x885.webp 1024w, https:\/\/vendon.net\/wp-content\/uploads\/2025\/09\/Contact-Vendon-2-300x259.webp 300w, https:\/\/vendon.net\/wp-content\/uploads\/2025\/09\/Contact-Vendon-2-768x664.webp 768w, https:\/\/vendon.net\/wp-content\/uploads\/2025\/09\/Contact-Vendon-2-14x12.webp 14w, https:\/\/vendon.net\/wp-content\/uploads\/2025\/09\/Contact-Vendon-2.webp 1198w\" sizes=\"(max-width: 1024px) 100vw, 1024px\" \/>\t\t\t\t\t\t\t\t\t\t\t\t\t\t\t<\/div>\n\t\t\t\t<\/div>\n\t\t\t\t<\/div>\n\t\t\t\t<\/div>\n\t\t\t\t<\/div>\n\t\t\t\t<\/div>\n\t\t\t\t\t<\/div>\n\t\t\t\t<\/div>\n\t\t<div class=\"elementor-element elementor-element-0fa0378 e-flex e-con-boxed e-con e-parent\" data-id=\"0fa0378\" data-element_type=\"container\">\n\t\t\t\t\t<div class=\"e-con-inner\">\n\t\t<div class=\"elementor-element elementor-element-3ab1591 e-con-full e-flex e-con e-child\" data-id=\"3ab1591\" data-element_type=\"container\">\n\t\t\t\t<div class=\"elementor-element elementor-element-0e62d64 elementor-widget elementor-widget-text-editor\" data-id=\"0e62d64\" data-element_type=\"widget\" data-widget_type=\"text-editor.default\">\n\t\t\t\t<div class=\"elementor-widget-container\">\n\t\t\t\t\t\t\t\t\t<p>Vendon aicina komand\u0101 kol\u0113\u0123i &#8211; pieredz\u0113ju\u0161u infrastrukt\u016bras (DevOps) in\u017eenieri, kur\u0161\/-a k\u013c\u016bs par lielisku papildin\u0101jumu starptautiska l\u012bme\u0146a IT uz\u0146\u0113muma insrastrukt\u016bras uztur\u0113\u0161anas komandai.<\/p><p><b>Darba vieta:<\/b> R\u012bga, Latvija vai att\u0101lin\u0101ti<br \/><b>Atalgojums:<\/b> no EUR 2700 &#8211; &#8230;<\/p>\t\t\t\t\t\t\t\t<\/div>\n\t\t\t\t<\/div>\n\t\t\t\t<\/div>\n\t\t<div class=\"elementor-element elementor-element-79c816c e-con-full e-flex e-con e-child\" data-id=\"79c816c\" data-element_type=\"container\">\n\t\t\t\t<\/div>\n\t\t\t\t\t<\/div>\n\t\t\t\t<\/div>\n\t\t<div class=\"elementor-element elementor-element-f0836cb e-flex e-con-boxed e-con e-parent\" data-id=\"f0836cb\" data-element_type=\"container\">\n\t\t\t\t\t<div class=\"e-con-inner\">\n\t\t\t\t<div class=\"elementor-element elementor-element-537d602 elementor-widget elementor-widget-text-editor\" data-id=\"537d602\" data-element_type=\"widget\" data-widget_type=\"text-editor.default\">\n\t\t\t\t<div class=\"elementor-widget-container\">\n\t\t\t\t\t\t\t\t\t<h3><strong>Par mums<\/strong><\/h3><p>Vendon ir glob\u0101ls telemetrijas tehnolo\u0123iju uz\u0146\u0113mums, kas nodarbojas ar kafijas un p\u0101rtikas produktu tirdzniec\u012bbas autom\u0101tu att\u0101lin\u0101tas vad\u012bbas un uzraudz\u012bbas risin\u0101juma izstr\u0101di, k\u0101 ar\u012b maks\u0101jumu nodro\u0161in\u0101\u0161anu. L\u012bdera poz\u012bciju starptautisk\u0101 l\u012bmen\u012b esam sasniegu\u0161i ar unik\u0101la risin\u0101juma izstr\u0101di (IoT iek\u0101rta vBox2 + Vendon Cloud m\u0101ko\u0146platforma), kas pal\u012bdz klientiem re\u0101laj\u0101 laik\u0101 sekot l\u012bdzi saviem kafijas un tirdzniec\u012bbas autom\u0101tiem. Vendon rad\u012btie telemetrijas risin\u0101jumi sniedz prec\u012bzu inform\u0101ciju par produktu p\u0101rdo\u0161anas datiem, autom\u0101tu tehnisko statusu un nepiecie\u0161am\u012bbu tos papildin\u0101t ar jauniem produktiem, k\u0101 ar\u012b padzi\u013cin\u0101ti analiz\u0113 produktu pat\u0113ri\u0146a tendences, pirc\u0113ju uzved\u012bbu un iepirk\u0161an\u0101s ieradumus.<\/p><p>Vendon izstr\u0101d\u0101tos risin\u0101jumus izmanto t\u0101di pasaules popul\u0101r\u0101kie p\u0101rtikas un dz\u0113rienu z\u012bmoli k\u0101 Nestle Professional un Starbucks, k\u0101 ar\u012b t\u016bksto\u0161iem uz\u0146\u0113mumu vair\u0101k nek\u0101 90 valst\u012bs.Vendon ir \u0122imenei draudz\u012bga darba vieta un Da\u017e\u0101d\u012bbai atv\u0113rts darba dev\u0113js. M\u016bsu komandu veido nozares profesion\u0101\u013ci un sava darba entuziasti. Pie mums ir aicin\u0101ts ikviens, kur\u0161 v\u0113las sajust pasaules elpu un att\u012bst\u012bt savu karjeru starptautisk\u0101 vid\u0113.<\/p><h3><strong>Tev uztic\u0113sim:<\/strong><\/h3><ul><li>iek\u0101rtu programmaparat\u016bras uztur\u0113\u0161anu un izstr\u0101di (kar\u0161u maks\u0101jumu sist\u0113mas);<\/li><li>iegulto sist\u0113mu programmat\u016bras izstr\u0101di, nodro\u0161inot atbilst\u012bbu projekta pras\u012bb\u0101m un iek\u0101rtu specifik\u0101cij\u0101m;<\/li><li>rakst\u012bt efekt\u012bvu, lietojamu kodu C\/C++ programm\u0113\u0161anas valod\u0101s, veikt koda p\u0101rskat\u012b\u0161anu (code review);<\/li><li>nov\u0113rst k\u013c\u016bdas, nodro\u0161inot sist\u0113mas uzticam\u012bbu un veiktsp\u0113ju;<\/li><li>sniegt atbalstu un str\u0101d\u0101t ar starpfunkcion\u0101l\u0101m komand\u0101m;<\/li><li>sekot l\u012bdzi jaun\u0101kajiem tehnolo\u0123iju sasniegumiem un dro\u0161\u012bbas standartiem saist\u012bb\u0101 ar maks\u0101jumu sist\u0113m\u0101m;<\/li><li>nodro\u0161in\u0101t atbilst\u012bbu nozares standartiem, piem\u0113ram, EMV un PCI-DSS.<\/li><\/ul><h3><strong>No Tevis sagaid\u0101m:<\/strong><\/h3><ul><li>iepriek\u0161\u0113ju pieredzi un padzi\u013cin\u0101tu interesi par C, C++ programm\u0113\u0161anas valod\u0101m;<\/li><li>pieredzi Andriod izstr\u0101d\u0113 (piem\u0113ram, Java, Kotlin u.tml.);<\/li><li>zin\u0101\u0161anas par darbu ar iegult\u0101m sist\u0113m\u0101m;<\/li><li>izcilas latvie\u0161u un ang\u013cu valodas zin\u0101\u0161anas (str\u0101d\u0101jam starptautisk\u0101 komand\u0101);<\/li><li>pieredzi un interesi par kar\u0161u maks\u0101jumiem;<\/li><li>zin\u0101\u0161anas par EMV maks\u0101jumiem un IS8583 standartu tiks uzskat\u012btas par priek\u0161roc\u012bbu.<\/li><\/ul><h3><strong>Lai darb\u0101 ierastos ar prieku, m\u0113s pied\u0101v\u0101jam:<\/strong><\/h3><ul><li>atalgojumu no EUR 2700 \u2013 \u2026 (atkar\u012bgs no tav\u0101m zin\u0101\u0161an\u0101m, prasm\u0113m un l\u012bdz\u0161in\u0113j\u0101s pieredzes) m\u0113nes\u012b;<\/li><li>bezr\u016bp\u012bgu darba vidi un m\u016bsdien\u012bgu biroju R\u012bg\u0101, Oj\u0101ra V\u0101cie\u0161a 6B;<\/li><li>hibr\u012bddarba modeli un elast\u012bgu darba laiku \u2013 darba dienu uzs\u0101kam laik\u0101 l\u012bdz plkst. 11.00;<\/li><li>iesp\u0113ju izv\u0113l\u0113ties darbam nepiecie\u0161amo tehnisko apr\u012bkojumu;<\/li><li>apmaks\u0101tas pusdienas biroj\u0101, k\u0101 ar\u012b brokastis tiem, kuru r\u012bts ir bijis steidz\u012bgs;<\/li><li>apmaks\u0101tu labumu karti t\u0113ri\u0146iem \u0101rpus biroja;<\/li><li>\u013coti labu vesel\u012bbas apdro\u0161in\u0101\u0161anas polisi, visas soci\u0101l\u0101s garantijas;<\/li><li>sporta\/akt\u012bv\u0101s atp\u016btas papildprogrammu;<\/li><li>papildus br\u012bvdienu dzim\u0161anas dien\u0101;<\/li><li>vasaras period\u0101 piektdienas ir sa\u012bsin\u0101t\u0101s darba dienas (str\u0101d\u0101jam par 2 h maz\u0101k);<\/li><li>jautrus komandas salied\u0113\u0161an\u0101s pas\u0101kumus, iedvesmojo\u0161as vieslekcijas, m\u0101c\u012bbu iesp\u0113jas.<\/li><\/ul><p><strong>K\u013c\u016bsti par da\u013cu no Vendon \u2013 piesakies, s\u016btot savu CV ang\u013cu valod\u0101 uz work@vendon.net!<\/strong><\/p><p><strong>SIA Vendon, re\u0123.nr. 40103422387<\/strong><\/p>\t\t\t\t\t\t\t\t<\/div>\n\t\t\t\t<\/div>\n\t\t\t\t\t<\/div>\n\t\t\t\t<\/div>\n\t\t\t\t<\/div>","protected":false},"excerpt":{"rendered":"<p>Aicin\u0101m komand\u0101 C\/C++ programm\u0113t\u0101ju Vendon aicina komand\u0101 kol\u0113\u0123i &#8211; pieredz\u0113ju\u0161u infrastrukt\u016bras (DevOps) in\u017eenieri, kur\u0161\/-a k\u013c\u016bs par lielisku papildin\u0101jumu starptautiska l\u012bme\u0146a IT uz\u0146\u0113muma insrastrukt\u016bras uztur\u0113\u0161anas komandai. Darba vieta: R\u012bga, Latvija vai att\u0101lin\u0101tiAtalgojums: no EUR 2700 &#8211; &#8230; Par mums Vendon ir glob\u0101ls telemetrijas tehnolo\u0123iju uz\u0146\u0113mums, kas nodarbojas ar kafijas un p\u0101rtikas produktu tirdzniec\u012bbas autom\u0101tu att\u0101lin\u0101tas vad\u012bbas [&hellip;]<\/p>","protected":false},"author":22,"featured_media":0,"parent":17260,"menu_order":0,"comment_status":"closed","ping_status":"closed","template":"","meta":{"site-sidebar-layout":"no-sidebar","site-content-layout":"page-builder","ast-site-content-layout":"full-width-container","site-content-style":"default","site-sidebar-style":"default","ast-global-header-display":"","ast-banner-title-visibility":"","ast-main-header-display":"","ast-hfb-above-header-display":"","ast-hfb-below-header-display":"","ast-hfb-mobile-header-display":"","site-post-title":"disabled","ast-breadcrumbs-content":"","ast-featured-img":"disabled","footer-sml-layout":"","theme-transparent-header-meta":"default","adv-header-id-meta":"","stick-header-meta":"","header-above-stick-meta":"","header-main-stick-meta":"","header-below-stick-meta":"","astra-migrate-meta-layouts":"set","ast-page-background-enabled":"default","ast-page-background-meta":{"desktop":{"background-color":"","background-image":"","background-repeat":"repeat","background-position":"center center","background-size":"auto","background-attachment":"scroll","background-type":"","background-media":"","overlay-type":"","overlay-color":"","overlay-gradient":""},"tablet":{"background-color":"","background-image":"","background-repeat":"repeat","background-position":"center center","background-size":"auto","background-attachment":"scroll","background-type":"","background-media":"","overlay-type":"","overlay-color":"","overlay-gradient":""},"mobile":{"background-color":"","background-image":"","background-repeat":"repeat","background-position":"center center","background-size":"auto","background-attachment":"scroll","background-type":"","background-media":"","overlay-type":"","overlay-color":"","overlay-gradient":""}},"ast-content-background-meta":{"desktop":{"background-color":"var(--ast-global-color-5)","background-image":"","background-repeat":"repeat","background-position":"center center","background-size":"auto","background-attachment":"scroll","background-type":"","background-media":"","overlay-type":"","overlay-color":"","overlay-gradient":""},"tablet":{"background-color":"var(--ast-global-color-5)","background-image":"","background-repeat":"repeat","background-position":"center center","background-size":"auto","background-attachment":"scroll","background-type":"","background-media":"","overlay-type":"","overlay-color":"","overlay-gradient":""},"mobile":{"background-color":"var(--ast-global-color-5)","background-image":"","background-repeat":"repeat","background-position":"center center","background-size":"auto","background-attachment":"scroll","background-type":"","background-media":"","overlay-type":"","overlay-color":"","overlay-gradient":""}},"footnotes":""},"yoast_head":"<!-- This site is optimized with the Yoast SEO plugin v22.7 - https:\/\/yoast.com\/wordpress\/plugins\/seo\/ -->\n<title>C\/C++ programm\u0113t\u0101js\/-a - Vendon<\/title>\n<meta name=\"robots\" content=\"index, follow, max-snippet:-1, max-image-preview:large, max-video-preview:-1\" \/>\n<link rel=\"canonical\" href=\"\/de\/wp-json\/wp\/v2\/pages\/19168\" \/>\n<meta property=\"og:locale\" content=\"de_DE\" \/>\n<meta property=\"og:type\" content=\"article\" \/>\n<meta property=\"og:title\" content=\"C\/C++ programm\u0113t\u0101js\/-a - Vendon\" \/>\n<meta property=\"og:description\" content=\"Aicin\u0101m komand\u0101 C\/C++ programm\u0113t\u0101ju Vendon aicina komand\u0101 kol\u0113\u0123i &#8211; pieredz\u0113ju\u0161u infrastrukt\u016bras (DevOps) in\u017eenieri, kur\u0161\/-a k\u013c\u016bs par lielisku papildin\u0101jumu starptautiska l\u012bme\u0146a IT uz\u0146\u0113muma insrastrukt\u016bras uztur\u0113\u0161anas komandai. Darba vieta: R\u012bga, Latvija vai att\u0101lin\u0101tiAtalgojums: no EUR 2700 &#8211; &#8230; Par mums Vendon ir glob\u0101ls telemetrijas tehnolo\u0123iju uz\u0146\u0113mums, kas nodarbojas ar kafijas un p\u0101rtikas produktu tirdzniec\u012bbas autom\u0101tu att\u0101lin\u0101tas vad\u012bbas [&hellip;]\" \/>\n<meta property=\"og:url\" content=\"https:\/\/vendon.net\/de\/career\/c-c-programmetajs-a\/\" \/>\n<meta property=\"og:site_name\" content=\"Vendon\" \/>\n<meta property=\"article:modified_time\" content=\"2025-10-01T12:04:00+00:00\" \/>\n<meta property=\"og:image\" content=\"https:\/\/vendon.net\/wp-content\/uploads\/2025\/09\/Contact-Vendon-2-1024x885.webp\" \/>\n<meta name=\"twitter:card\" content=\"summary_large_image\" \/>\n<meta name=\"twitter:label1\" content=\"Gesch\u00e4tzte Lesezeit\" \/>\n\t<meta name=\"twitter:data1\" content=\"3 Minuten\" \/>\n<script type=\"application\/ld+json\" class=\"yoast-schema-graph\">{\"@context\":\"https:\/\/schema.org\",\"@graph\":[{\"@type\":\"WebPage\",\"@id\":\"https:\/\/vendon.net\/career\/c-c-programmetajs-a\/\",\"url\":\"https:\/\/vendon.net\/career\/c-c-programmetajs-a\/\",\"name\":\"C\/C++ programm\u0113t\u0101js\/-a - Vendon\",\"isPartOf\":{\"@id\":\"https:\/\/vendon.net\/#website\"},\"primaryImageOfPage\":{\"@id\":\"https:\/\/vendon.net\/career\/c-c-programmetajs-a\/#primaryimage\"},\"image\":{\"@id\":\"https:\/\/vendon.net\/career\/c-c-programmetajs-a\/#primaryimage\"},\"thumbnailUrl\":\"https:\/\/vendon.net\/wp-content\/uploads\/2025\/09\/Contact-Vendon-2-1024x885.webp\",\"datePublished\":\"2025-09-24T07:10:56+00:00\",\"dateModified\":\"2025-10-01T12:04:00+00:00\",\"breadcrumb\":{\"@id\":\"https:\/\/vendon.net\/career\/c-c-programmetajs-a\/#breadcrumb\"},\"inLanguage\":\"de-DE\",\"potentialAction\":[{\"@type\":\"ReadAction\",\"target\":[\"https:\/\/vendon.net\/career\/c-c-programmetajs-a\/\"]}]},{\"@type\":\"ImageObject\",\"inLanguage\":\"de-DE\",\"@id\":\"https:\/\/vendon.net\/career\/c-c-programmetajs-a\/#primaryimage\",\"url\":\"https:\/\/vendon.net\/wp-content\/uploads\/2025\/09\/Contact-Vendon-2-1024x885.webp\",\"contentUrl\":\"https:\/\/vendon.net\/wp-content\/uploads\/2025\/09\/Contact-Vendon-2-1024x885.webp\"},{\"@type\":\"BreadcrumbList\",\"@id\":\"https:\/\/vendon.net\/career\/c-c-programmetajs-a\/#breadcrumb\",\"itemListElement\":[{\"@type\":\"ListItem\",\"position\":1,\"name\":\"Career\",\"item\":\"https:\/\/vendon.net\/career\/\"},{\"@type\":\"ListItem\",\"position\":2,\"name\":\"C\/C++ programm\u0113t\u0101js\/-a\"}]},{\"@type\":\"WebSite\",\"@id\":\"https:\/\/vendon.net\/#website\",\"url\":\"https:\/\/vendon.net\/\",\"name\":\"Vendon\",\"description\":\"\",\"publisher\":{\"@id\":\"https:\/\/vendon.net\/#organization\"},\"potentialAction\":[{\"@type\":\"SearchAction\",\"target\":{\"@type\":\"EntryPoint\",\"urlTemplate\":\"https:\/\/vendon.net\/?s={search_term_string}\"},\"query-input\":\"required name=search_term_string\"}],\"inLanguage\":\"de-DE\"},{\"@type\":\"Organization\",\"@id\":\"https:\/\/vendon.net\/#organization\",\"name\":\"Vendon\",\"url\":\"https:\/\/vendon.net\/\",\"logo\":{\"@type\":\"ImageObject\",\"inLanguage\":\"de-DE\",\"@id\":\"https:\/\/vendon.net\/#\/schema\/logo\/image\/\",\"url\":\"https:\/\/vendon.net\/wp-content\/uploads\/2022\/07\/Layer_1.svg\",\"contentUrl\":\"https:\/\/vendon.net\/wp-content\/uploads\/2022\/07\/Layer_1.svg\",\"width\":197,\"height\":40,\"caption\":\"Vendon\"},\"image\":{\"@id\":\"https:\/\/vendon.net\/#\/schema\/logo\/image\/\"}}]}<\/script>\n<!-- \/ Yoast SEO plugin. -->","yoast_head_json":{"title":"C\/C++ programm\u0113t\u0101js\/-a - Vendon","robots":{"index":"index","follow":"follow","max-snippet":"max-snippet:-1","max-image-preview":"max-image-preview:large","max-video-preview":"max-video-preview:-1"},"canonical":"\/de\/wp-json\/wp\/v2\/pages\/19168","og_locale":"de_DE","og_type":"article","og_title":"C\/C++ programm\u0113t\u0101js\/-a - Vendon","og_description":"Aicin\u0101m komand\u0101 C\/C++ programm\u0113t\u0101ju Vendon aicina komand\u0101 kol\u0113\u0123i &#8211; pieredz\u0113ju\u0161u infrastrukt\u016bras (DevOps) in\u017eenieri, kur\u0161\/-a k\u013c\u016bs par lielisku papildin\u0101jumu starptautiska l\u012bme\u0146a IT uz\u0146\u0113muma insrastrukt\u016bras uztur\u0113\u0161anas komandai. Darba vieta: R\u012bga, Latvija vai att\u0101lin\u0101tiAtalgojums: no EUR 2700 &#8211; &#8230; Par mums Vendon ir glob\u0101ls telemetrijas tehnolo\u0123iju uz\u0146\u0113mums, kas nodarbojas ar kafijas un p\u0101rtikas produktu tirdzniec\u012bbas autom\u0101tu att\u0101lin\u0101tas vad\u012bbas [&hellip;]","og_url":"https:\/\/vendon.net\/de\/career\/c-c-programmetajs-a\/","og_site_name":"Vendon","article_modified_time":"2025-10-01T12:04:00+00:00","og_image":[{"url":"https:\/\/vendon.net\/wp-content\/uploads\/2025\/09\/Contact-Vendon-2-1024x885.webp"}],"twitter_card":"summary_large_image","twitter_misc":{"Gesch\u00e4tzte Lesezeit":"3 Minuten"},"schema":{"@context":"https:\/\/schema.org","@graph":[{"@type":"WebPage","@id":"https:\/\/vendon.net\/career\/c-c-programmetajs-a\/","url":"https:\/\/vendon.net\/career\/c-c-programmetajs-a\/","name":"C\/C++ programm\u0113t\u0101js\/-a - Vendon","isPartOf":{"@id":"https:\/\/vendon.net\/#website"},"primaryImageOfPage":{"@id":"https:\/\/vendon.net\/career\/c-c-programmetajs-a\/#primaryimage"},"image":{"@id":"https:\/\/vendon.net\/career\/c-c-programmetajs-a\/#primaryimage"},"thumbnailUrl":"https:\/\/vendon.net\/wp-content\/uploads\/2025\/09\/Contact-Vendon-2-1024x885.webp","datePublished":"2025-09-24T07:10:56+00:00","dateModified":"2025-10-01T12:04:00+00:00","breadcrumb":{"@id":"https:\/\/vendon.net\/career\/c-c-programmetajs-a\/#breadcrumb"},"inLanguage":"de-DE","potentialAction":[{"@type":"ReadAction","target":["https:\/\/vendon.net\/career\/c-c-programmetajs-a\/"]}]},{"@type":"ImageObject","inLanguage":"de-DE","@id":"https:\/\/vendon.net\/career\/c-c-programmetajs-a\/#primaryimage","url":"https:\/\/vendon.net\/wp-content\/uploads\/2025\/09\/Contact-Vendon-2-1024x885.webp","contentUrl":"https:\/\/vendon.net\/wp-content\/uploads\/2025\/09\/Contact-Vendon-2-1024x885.webp"},{"@type":"BreadcrumbList","@id":"https:\/\/vendon.net\/career\/c-c-programmetajs-a\/#breadcrumb","itemListElement":[{"@type":"ListItem","position":1,"name":"Career","item":"https:\/\/vendon.net\/career\/"},{"@type":"ListItem","position":2,"name":"C\/C++ programm\u0113t\u0101js\/-a"}]},{"@type":"WebSite","@id":"https:\/\/vendon.net\/#website","url":"https:\/\/vendon.net\/","name":"Vendon","description":"","publisher":{"@id":"https:\/\/vendon.net\/#organization"},"potentialAction":[{"@type":"SearchAction","target":{"@type":"EntryPoint","urlTemplate":"https:\/\/vendon.net\/?s={search_term_string}"},"query-input":"required name=search_term_string"}],"inLanguage":"de-DE"},{"@type":"Organization","@id":"https:\/\/vendon.net\/#organization","name":"Vendon","url":"https:\/\/vendon.net\/","logo":{"@type":"ImageObject","inLanguage":"de-DE","@id":"https:\/\/vendon.net\/#\/schema\/logo\/image\/","url":"https:\/\/vendon.net\/wp-content\/uploads\/2022\/07\/Layer_1.svg","contentUrl":"https:\/\/vendon.net\/wp-content\/uploads\/2022\/07\/Layer_1.svg","width":197,"height":40,"caption":"Vendon"},"image":{"@id":"https:\/\/vendon.net\/#\/schema\/logo\/image\/"}}]}},"_links":{"self":[{"href":"https:\/\/vendon.net\/de\/wp-json\/wp\/v2\/pages\/19168"}],"collection":[{"href":"https:\/\/vendon.net\/de\/wp-json\/wp\/v2\/pages"}],"about":[{"href":"https:\/\/vendon.net\/de\/wp-json\/wp\/v2\/types\/page"}],"author":[{"embeddable":true,"href":"https:\/\/vendon.net\/de\/wp-json\/wp\/v2\/users\/22"}],"replies":[{"embeddable":true,"href":"https:\/\/vendon.net\/de\/wp-json\/wp\/v2\/comments?post=19168"}],"version-history":[{"count":7,"href":"https:\/\/vendon.net\/de\/wp-json\/wp\/v2\/pages\/19168\/revisions"}],"predecessor-version":[{"id":20401,"href":"https:\/\/vendon.net\/de\/wp-json\/wp\/v2\/pages\/19168\/revisions\/20401"}],"up":[{"embeddable":true,"href":"https:\/\/vendon.net\/de\/wp-json\/wp\/v2\/pages\/17260"}],"wp:attachment":[{"href":"https:\/\/vendon.net\/de\/wp-json\/wp\/v2\/media?parent=19168"}],"curies":[{"name":"wp","href":"https:\/\/api.w.org\/{rel}","templated":true}]}}