{"id":21616,"date":"2026-03-13T12:09:43","date_gmt":"2026-03-13T10:09:43","guid":{"rendered":"https:\/\/vendon.net\/?page_id=21616"},"modified":"2026-03-13T15:25:16","modified_gmt":"2026-03-13T13:25:16","slug":"it-project-manager","status":"publish","type":"page","link":"https:\/\/vendon.net\/de\/career\/it-project-manager\/","title":{"rendered":"IT projektu vad\u012bt\u0101js\/-a"},"content":{"rendered":"<div data-elementor-type=\"wp-page\" data-elementor-id=\"21616\" class=\"elementor elementor-21616\" data-elementor-post-type=\"page\">\n\t\t\t\t<div class=\"elementor-element elementor-element-8d2e18f e-flex e-con-boxed e-con e-parent\" data-id=\"8d2e18f\" data-element_type=\"container\">\n\t\t\t\t\t<div class=\"e-con-inner\">\n\t\t<div class=\"elementor-element elementor-element-727f16a e-con-full e-flex e-con e-child\" data-id=\"727f16a\" data-element_type=\"container\">\n\t\t<div class=\"elementor-element elementor-element-534fc55 e-con-full e-flex e-con e-child\" data-id=\"534fc55\" data-element_type=\"container\">\n\t\t<div class=\"elementor-element elementor-element-fc84e1b e-con-full text-container-flex e-flex e-con e-child\" data-id=\"fc84e1b\" data-element_type=\"container\">\n\t\t<div class=\"elementor-element elementor-element-2b3eb70 e-con-full e-flex e-con e-child\" data-id=\"2b3eb70\" data-element_type=\"container\">\n\t\t\t\t<div class=\"elementor-element elementor-element-eb26ee0 elementor-widget elementor-widget-heading\" data-id=\"eb26ee0\" data-element_type=\"widget\" data-widget_type=\"heading.default\">\n\t\t\t\t<div class=\"elementor-widget-container\">\n\t\t\t\t\t<h2 class=\"elementor-heading-title elementor-size-default\">Aicin\u0101m komand\u0101<\/h2>\t\t\t\t<\/div>\n\t\t\t\t<\/div>\n\t\t\t\t<div class=\"elementor-element elementor-element-c6eb542 hero-title elementor-widget__width-inherit elementor-widget elementor-widget-heading\" data-id=\"c6eb542\" data-element_type=\"widget\" data-widget_type=\"heading.default\">\n\t\t\t\t<div class=\"elementor-widget-container\">\n\t\t\t\t\t<h2 class=\"elementor-heading-title elementor-size-default\">IT projektu vad\u012bt\u0101ju<\/h2>\t\t\t\t<\/div>\n\t\t\t\t<\/div>\n\t\t\t\t<\/div>\n\t\t\t\t<\/div>\n\t\t<div class=\"elementor-element elementor-element-01e2334 e-con-full elementor-hidden-tablet elementor-hidden-mobile e-flex e-con e-child\" data-id=\"01e2334\" data-element_type=\"container\" data-settings=\"{&quot;background_background&quot;:&quot;classic&quot;}\">\n\t\t<div class=\"elementor-element elementor-element-e30d398 e-con-full e-flex e-con e-child\" data-id=\"e30d398\" data-element_type=\"container\">\n\t\t\t\t<div class=\"elementor-element elementor-element-8005d8c elementor-widget elementor-widget-image\" data-id=\"8005d8c\" data-element_type=\"widget\" data-widget_type=\"image.default\">\n\t\t\t\t<div class=\"elementor-widget-container\">\n\t\t\t\t\t\t\t\t\t\t\t\t\t\t\t<img fetchpriority=\"high\" decoding=\"async\" width=\"1024\" height=\"885\" src=\"https:\/\/vendon.net\/wp-content\/uploads\/2025\/09\/Contact-Vendon-2-1024x885.webp\" class=\"attachment-large size-large wp-image-18020\" alt=\"\" srcset=\"https:\/\/vendon.net\/wp-content\/uploads\/2025\/09\/Contact-Vendon-2-1024x885.webp 1024w, https:\/\/vendon.net\/wp-content\/uploads\/2025\/09\/Contact-Vendon-2-300x259.webp 300w, https:\/\/vendon.net\/wp-content\/uploads\/2025\/09\/Contact-Vendon-2-768x664.webp 768w, https:\/\/vendon.net\/wp-content\/uploads\/2025\/09\/Contact-Vendon-2-14x12.webp 14w, https:\/\/vendon.net\/wp-content\/uploads\/2025\/09\/Contact-Vendon-2.webp 1198w\" sizes=\"(max-width: 1024px) 100vw, 1024px\" \/>\t\t\t\t\t\t\t\t\t\t\t\t\t\t\t<\/div>\n\t\t\t\t<\/div>\n\t\t\t\t<\/div>\n\t\t\t\t<\/div>\n\t\t\t\t<\/div>\n\t\t\t\t<\/div>\n\t\t\t\t\t<\/div>\n\t\t\t\t<\/div>\n\t\t<div class=\"elementor-element elementor-element-0fa0378 e-flex e-con-boxed e-con e-parent\" data-id=\"0fa0378\" data-element_type=\"container\">\n\t\t\t\t\t<div class=\"e-con-inner\">\n\t\t<div class=\"elementor-element elementor-element-3ab1591 e-con-full e-flex e-con e-child\" data-id=\"3ab1591\" data-element_type=\"container\">\n\t\t\t\t<div class=\"elementor-element elementor-element-0e62d64 elementor-widget elementor-widget-text-editor\" data-id=\"0e62d64\" data-element_type=\"widget\" data-widget_type=\"text-editor.default\">\n\t\t\t\t<div class=\"elementor-widget-container\">\n\t\t\t\t\t\t\t\t\t<p><span style=\"font-weight: 400;\">Vendon aicina komand\u0101 kol\u0113\u0123i &#8211; pieredz\u0113ju\u0161u un aizraut\u012bgu IT projektu vad\u012bt\u0101ju &#8211; kur\u0161\/-a k\u013c\u016bs par lielisku papildin\u0101jumu m\u016bsu eso\u0161ajai produktu att\u012bst\u012bbas komandai.<\/span><\/p><p><b>Darba vieta:<\/b> R\u012bga, Latvija vai att\u0101lin\u0101ti<br \/><b>Atalgojums:<\/b> no EUR 2600 &#8211; EUR 3200<\/p>\t\t\t\t\t\t\t\t<\/div>\n\t\t\t\t<\/div>\n\t\t\t\t<\/div>\n\t\t<div class=\"elementor-element elementor-element-79c816c e-con-full e-flex e-con e-child\" data-id=\"79c816c\" data-element_type=\"container\">\n\t\t\t\t<\/div>\n\t\t\t\t\t<\/div>\n\t\t\t\t<\/div>\n\t\t<div class=\"elementor-element elementor-element-f0836cb e-flex e-con-boxed e-con e-parent\" data-id=\"f0836cb\" data-element_type=\"container\">\n\t\t\t\t\t<div class=\"e-con-inner\">\n\t\t\t\t<div class=\"elementor-element elementor-element-537d602 elementor-widget elementor-widget-text-editor\" data-id=\"537d602\" data-element_type=\"widget\" data-widget_type=\"text-editor.default\">\n\t\t\t\t<div class=\"elementor-widget-container\">\n\t\t\t\t\t\t\t\t\t<h3><strong>Par mums<\/strong><\/h3><p><span style=\"font-weight: 400;\">Vendon st\u0101sts s\u0101k\u0101s Latvij\u0101 pirms teju 15 gadiem, kad uz\u0146\u0113mums tika dibin\u0101ts Draugiem Group uz\u0146\u0113mumu saim\u0113. Kop\u0161 t\u0101 laika esam augu\u0161i no jaunuz\u0146\u0113muma l\u012bdz starptautiskai organiz\u0101cijai, kas \u0161odien ietilpst Azkoyen Group \u2013 Sp\u0101nijas uz\u0146\u0113mumu grup\u0101 ar vair\u0101k nek\u0101 80 gadu pieredzi un stabilu vietu Eiropas tehnolo\u0123iju industrij\u0101.\u00a0<\/span><\/p><p><span style=\"font-weight: 400;\">M\u016bsu komanda izstr\u0101d\u0101 telemetrijas un maks\u0101jumu risin\u0101jumus kafijas un pa\u0161apkalpo\u0161an\u0101s tirdzniec\u012bbas autom\u0101tiem. Galvenais produkts ir Vendon Cloud \u2013 platforma, kas, izmantojot IoT ier\u012bci vBox, apkopo datus par autom\u0101tu darb\u012bbu un tehnisko st\u0101vokli. Tas \u013cauj m\u016bsu klientiem re\u0101llaik\u0101 p\u0101rraudz\u012bt savu autom\u0101tu floti, sekot p\u0101rdo\u0161anas rezult\u0101tiem, analiz\u0113t pat\u0113ri\u0146a paradumus un efekt\u012bv\u0101k pl\u0101not apkalpo\u0161anas procesus.<\/span><\/p><p><span style=\"font-weight: 400;\">Vendon ir unik\u0101la darba vieta, jo apvieno Latvij\u0101 dibin\u0101ta uz\u0146\u0113muma garu ar starptautiska m\u0113roga pieredzi un resursiem. M\u0113s str\u0101d\u0101jam, ne tikai ar klientiem no visas pasaules, bet dar\u0101m to kop\u0101 ar zino\u0161iem kol\u0113\u0123iem no da\u017e\u0101d\u0101m Eiropas valst\u012bm. M\u0113s lepojamies ar m\u016bsu uz\u0146\u0113muma kult\u016bru un darba vidi, kas ir \u0113rta, draudz\u012bga un iedvesmojo\u0161a. Vendon ir \u0122imenei draudz\u012bga darba vieta un Da\u017e\u0101d\u012bbai atv\u0113rts darba dev\u0113js. M\u016bsu komandu raksturo entuziasms un profesionalit\u0101te \u2013atbalst\u0101m cits citu, dal\u0101mies pieredz\u0113 un kop\u0101 tiecamies sasniegt lab\u0101kos rezult\u0101tus! Pie mums ir aicin\u0101ts ikviens, kur\u0161 v\u0113las sajust pasaules elpu un att\u012bst\u012bt savu karjeru starptautisk\u0101 vid\u0113.<\/span><\/p><p><span style=\"font-weight: 400;\">IT projektu vad\u012bt\u0101ja\/-as loma b\u016bs noz\u012bm\u012bga starptautisk\u0101s Sp\u0101nijas uz\u0146\u0113mumu grupas <\/span><b>Azkoyen Group<\/b><span style=\"font-weight: 400;\"> produktu att\u012bst\u012bbas komandas sast\u0101v\u0101, kas paredz m\u0101ko\u0146risin\u0101jumu izstr\u0101des un att\u012bst\u012bbas projektu vad\u012bbu. <\/span><span style=\"font-weight: 400;\">Vendon izstr\u0101d\u0101tos risin\u0101jumus izmanto t\u0101di pasaules popul\u0101r\u0101kie p\u0101rtikas un dz\u0113rienu z\u012bmoli k\u0101 Nestle Professional un Starbucks, k\u0101 ar\u012b t\u016bksto\u0161iem uz\u0146\u0113mumu vair\u0101k nek\u0101 110 valst\u012bs.\u00a0<\/span><\/p><h3><strong>Tev uztic\u0113sim:<\/strong><\/h3><ul><li>m\u0101ko\u0146risin\u0101jumu izstr\u0101des un att\u012bst\u012bbas projektu vad\u012bbu no idejas l\u012bdz ievie\u0161anai<\/li><li>klientu, sadarb\u012bbas partneru pras\u012bbu anal\u012bzi, tai skait\u0101 tirgus izp\u0113ti, intervijas ar klientiem un partneriem, lietot\u0101ja ce\u013ca un scen\u0101riju izveidi<\/li><li>klientu vajadz\u012bbu defin\u0113\u0161anu un sadarb\u012bbu ar izstr\u0101des komandu pie nepiecie\u0161am\u0101s funkcionalit\u0101tes izstr\u0101des<\/li><li>dal\u012bbu izstr\u0101des pl\u0101no\u0161an\u0101 kop\u0101 ar produktu izstr\u0101des komandu<\/li><\/ul><h3><strong>No Tevis sagaid\u0101m:<\/strong><\/h3><ul><li>vismaz 3 gadu pieredzi IT projektu vai produktu att\u012bst\u012bbas (product owner) speci\u0101lista\/-es lom\u0101<\/li><li>prasmi iedzi\u013cin\u0101ties lietot\u0101ju probl\u0113m\u0101s, defin\u0113t t\u0101s un veidot <em>User Stories<\/em>;<\/li><li>interesi par nozari un da\u017e\u0101d\u0101m tehnolo\u0123ij\u0101m<\/li><li>prasmi orient\u0113ties uz risin\u0101jumu un sasniegt rezult\u0101tu<\/li><li>labas komunik\u0101cijas un patst\u0101v\u012bga darba organiz\u0101cijas prasmes<\/li><li>prasmi pie\u0146emt datos balst\u012btus l\u0113mumus<\/li><li>izcilas latvie\u0161u un ang\u013cu valodas zin\u0101\u0161anas (komunik\u0101cija ar klientiem, partneriem un ar\u012b kol\u0113\u0123iem noris ang\u013cu valod\u0101)<\/li><li>v\u0113lama pieredze darb\u0101 ar projektu vad\u012bbas un AI r\u012bkiem<\/li><\/ul><h3><strong>Lai darb\u0101 ierastos ar prieku, m\u0113s pied\u0101v\u0101jam:<\/strong><\/h3><ul><li>atalgojumu no <strong>EUR 2600 &#8211; EUR 3200<\/strong> (atkar\u012bgs no tav\u0101m zin\u0101\u0161an\u0101m, prasm\u0113m un l\u012bdz\u0161in\u0113j\u0101s pieredzes) m\u0113nes\u012b pirms nodok\u013cu nomaksas<\/li><li><strong>hibr\u012bddarba modeli un elast\u012bgu darba laiku<\/strong> &#8211; darba dienu uzs\u0101kam laik\u0101 l\u012bdz plkst. 11.00<\/li><li>m\u016bsdien\u012bgu biroju, k\u0101 ar\u012b bezr\u016bp\u012bgu darba vidi &#8211; apmaks\u0101tas pusdienas un vesel\u012bgus na\u0161\u0137us biroj\u0101<\/li><li>iesp\u0113ju izv\u0113l\u0113ties darbam nepiecie\u0161amo tehnisko apr\u012bkojumu<\/li><li><strong>individualiz\u0113tus darbinieku labumus<\/strong> p\u0113c p\u0101rbaudes laika, ar iesp\u0113ju izv\u0113l\u0113ties sev noder\u012bg\u0101kos (nor\u0113\u0137inu karte t\u0113ri\u0146iem \u0101rpus biroja, sporta papildprogramma, darba dev\u0113ja iemaksas Tav\u0101 3. pensiju l\u012bmen\u012b, papildus br\u012bvdienas)<\/li><li>\u013coti labu vesel\u012bbas apdro\u0161in\u0101\u0161anas polisi, visas soci\u0101l\u0101s garantijas<\/li><li>papildus br\u012bvdienu dzim\u0161anas dien\u0101<\/li><li>vasaras period\u0101 piektdienas ir sa\u012bsin\u0101t\u0101s darba dienas (str\u0101d\u0101jam par 2 h maz\u0101k)<\/li><li>visu nepiecie\u0161amo veiksm\u012bgu komand\u0113jumu norisei<\/li><li>jautrus komandas salied\u0113\u0161an\u0101s pas\u0101kumus, m\u0101c\u012bbu iesp\u0113jas<\/li><\/ul><p><strong>K\u013c\u016bsti par da\u013cu no Vendon \u2013 piesakies, s\u016btot savu CV ang\u013cu valod\u0101 uz work@vendon.net!<\/strong><\/p><p><strong>SIA Vendon, re\u0123.nr. 40103422387<\/strong><\/p>\t\t\t\t\t\t\t\t<\/div>\n\t\t\t\t<\/div>\n\t\t\t\t\t<\/div>\n\t\t\t\t<\/div>\n\t\t\t\t<\/div>","protected":false},"excerpt":{"rendered":"<p>Aicin\u0101m komand\u0101 IT projektu vad\u012bt\u0101ju Vendon aicina komand\u0101 kol\u0113\u0123i &#8211; pieredz\u0113ju\u0161u un aizraut\u012bgu IT projektu vad\u012bt\u0101ju &#8211; kur\u0161\/-a k\u013c\u016bs par lielisku papildin\u0101jumu m\u016bsu eso\u0161ajai produktu att\u012bst\u012bbas komandai. Darba vieta: R\u012bga, Latvija vai att\u0101lin\u0101tiAtalgojums: no EUR 2600 &#8211; EUR 3200 Par mums Vendon st\u0101sts s\u0101k\u0101s Latvij\u0101 pirms teju 15 gadiem, kad uz\u0146\u0113mums tika dibin\u0101ts Draugiem Group [&hellip;]<\/p>","protected":false},"author":33,"featured_media":0,"parent":17260,"menu_order":0,"comment_status":"closed","ping_status":"closed","template":"","meta":{"site-sidebar-layout":"no-sidebar","site-content-layout":"page-builder","ast-site-content-layout":"full-width-container","site-content-style":"default","site-sidebar-style":"default","ast-global-header-display":"","ast-banner-title-visibility":"","ast-main-header-display":"","ast-hfb-above-header-display":"","ast-hfb-below-header-display":"","ast-hfb-mobile-header-display":"","site-post-title":"disabled","ast-breadcrumbs-content":"","ast-featured-img":"disabled","footer-sml-layout":"","theme-transparent-header-meta":"default","adv-header-id-meta":"","stick-header-meta":"","header-above-stick-meta":"","header-main-stick-meta":"","header-below-stick-meta":"","astra-migrate-meta-layouts":"set","ast-page-background-enabled":"default","ast-page-background-meta":{"desktop":{"background-color":"","background-image":"","background-repeat":"repeat","background-position":"center center","background-size":"auto","background-attachment":"scroll","background-type":"","background-media":"","overlay-type":"","overlay-color":"","overlay-gradient":""},"tablet":{"background-color":"","background-image":"","background-repeat":"repeat","background-position":"center center","background-size":"auto","background-attachment":"scroll","background-type":"","background-media":"","overlay-type":"","overlay-color":"","overlay-gradient":""},"mobile":{"background-color":"","background-image":"","background-repeat":"repeat","background-position":"center center","background-size":"auto","background-attachment":"scroll","background-type":"","background-media":"","overlay-type":"","overlay-color":"","overlay-gradient":""}},"ast-content-background-meta":{"desktop":{"background-color":"var(--ast-global-color-5)","background-image":"","background-repeat":"repeat","background-position":"center center","background-size":"auto","background-attachment":"scroll","background-type":"","background-media":"","overlay-type":"","overlay-color":"","overlay-gradient":""},"tablet":{"background-color":"var(--ast-global-color-5)","background-image":"","background-repeat":"repeat","background-position":"center center","background-size":"auto","background-attachment":"scroll","background-type":"","background-media":"","overlay-type":"","overlay-color":"","overlay-gradient":""},"mobile":{"background-color":"var(--ast-global-color-5)","background-image":"","background-repeat":"repeat","background-position":"center center","background-size":"auto","background-attachment":"scroll","background-type":"","background-media":"","overlay-type":"","overlay-color":"","overlay-gradient":""}},"footnotes":""},"yoast_head":"<!-- This site is optimized with the Yoast SEO plugin v22.7 - https:\/\/yoast.com\/wordpress\/plugins\/seo\/ -->\n<title>IT projektu vad\u012bt\u0101js\/-a - Vendon<\/title>\n<meta name=\"robots\" content=\"index, follow, max-snippet:-1, max-image-preview:large, max-video-preview:-1\" \/>\n<link rel=\"canonical\" href=\"\/de\/wp-json\/wp\/v2\/pages\/21616\" \/>\n<meta property=\"og:locale\" content=\"de_DE\" \/>\n<meta property=\"og:type\" content=\"article\" \/>\n<meta property=\"og:title\" content=\"IT projektu vad\u012bt\u0101js\/-a - Vendon\" \/>\n<meta property=\"og:description\" content=\"Aicin\u0101m komand\u0101 IT projektu vad\u012bt\u0101ju Vendon aicina komand\u0101 kol\u0113\u0123i &#8211; pieredz\u0113ju\u0161u un aizraut\u012bgu IT projektu vad\u012bt\u0101ju &#8211; kur\u0161\/-a k\u013c\u016bs par lielisku papildin\u0101jumu m\u016bsu eso\u0161ajai produktu att\u012bst\u012bbas komandai. Darba vieta: R\u012bga, Latvija vai att\u0101lin\u0101tiAtalgojums: no EUR 2600 &#8211; EUR 3200 Par mums Vendon st\u0101sts s\u0101k\u0101s Latvij\u0101 pirms teju 15 gadiem, kad uz\u0146\u0113mums tika dibin\u0101ts Draugiem Group [&hellip;]\" \/>\n<meta property=\"og:url\" content=\"https:\/\/vendon.net\/de\/career\/it-project-manager\/\" \/>\n<meta property=\"og:site_name\" content=\"Vendon\" \/>\n<meta property=\"article:modified_time\" content=\"2026-03-13T13:25:16+00:00\" \/>\n<meta property=\"og:image\" content=\"https:\/\/vendon.net\/wp-content\/uploads\/2025\/09\/Contact-Vendon-2-1024x885.webp\" \/>\n<meta name=\"twitter:card\" content=\"summary_large_image\" \/>\n<meta name=\"twitter:label1\" content=\"Gesch\u00e4tzte Lesezeit\" \/>\n\t<meta name=\"twitter:data1\" content=\"4 Minuten\" \/>\n<script type=\"application\/ld+json\" class=\"yoast-schema-graph\">{\"@context\":\"https:\/\/schema.org\",\"@graph\":[{\"@type\":\"WebPage\",\"@id\":\"https:\/\/vendon.net\/career\/it-project-manager\/\",\"url\":\"https:\/\/vendon.net\/career\/it-project-manager\/\",\"name\":\"IT projektu vad\u012bt\u0101js\/-a - Vendon\",\"isPartOf\":{\"@id\":\"https:\/\/vendon.net\/#website\"},\"primaryImageOfPage\":{\"@id\":\"https:\/\/vendon.net\/career\/it-project-manager\/#primaryimage\"},\"image\":{\"@id\":\"https:\/\/vendon.net\/career\/it-project-manager\/#primaryimage\"},\"thumbnailUrl\":\"https:\/\/vendon.net\/wp-content\/uploads\/2025\/09\/Contact-Vendon-2-1024x885.webp\",\"datePublished\":\"2026-03-13T10:09:43+00:00\",\"dateModified\":\"2026-03-13T13:25:16+00:00\",\"breadcrumb\":{\"@id\":\"https:\/\/vendon.net\/career\/it-project-manager\/#breadcrumb\"},\"inLanguage\":\"de-DE\",\"potentialAction\":[{\"@type\":\"ReadAction\",\"target\":[\"https:\/\/vendon.net\/career\/it-project-manager\/\"]}]},{\"@type\":\"ImageObject\",\"inLanguage\":\"de-DE\",\"@id\":\"https:\/\/vendon.net\/career\/it-project-manager\/#primaryimage\",\"url\":\"https:\/\/vendon.net\/wp-content\/uploads\/2025\/09\/Contact-Vendon-2-1024x885.webp\",\"contentUrl\":\"https:\/\/vendon.net\/wp-content\/uploads\/2025\/09\/Contact-Vendon-2-1024x885.webp\"},{\"@type\":\"BreadcrumbList\",\"@id\":\"https:\/\/vendon.net\/career\/it-project-manager\/#breadcrumb\",\"itemListElement\":[{\"@type\":\"ListItem\",\"position\":1,\"name\":\"Career\",\"item\":\"https:\/\/vendon.net\/career\/\"},{\"@type\":\"ListItem\",\"position\":2,\"name\":\"IT projektu vad\u012bt\u0101js\/-a\"}]},{\"@type\":\"WebSite\",\"@id\":\"https:\/\/vendon.net\/#website\",\"url\":\"https:\/\/vendon.net\/\",\"name\":\"Vendon\",\"description\":\"\",\"publisher\":{\"@id\":\"https:\/\/vendon.net\/#organization\"},\"potentialAction\":[{\"@type\":\"SearchAction\",\"target\":{\"@type\":\"EntryPoint\",\"urlTemplate\":\"https:\/\/vendon.net\/?s={search_term_string}\"},\"query-input\":\"required name=search_term_string\"}],\"inLanguage\":\"de-DE\"},{\"@type\":\"Organization\",\"@id\":\"https:\/\/vendon.net\/#organization\",\"name\":\"Vendon\",\"url\":\"https:\/\/vendon.net\/\",\"logo\":{\"@type\":\"ImageObject\",\"inLanguage\":\"de-DE\",\"@id\":\"https:\/\/vendon.net\/#\/schema\/logo\/image\/\",\"url\":\"https:\/\/vendon.net\/wp-content\/uploads\/2022\/07\/Layer_1.svg\",\"contentUrl\":\"https:\/\/vendon.net\/wp-content\/uploads\/2022\/07\/Layer_1.svg\",\"width\":197,\"height\":40,\"caption\":\"Vendon\"},\"image\":{\"@id\":\"https:\/\/vendon.net\/#\/schema\/logo\/image\/\"}}]}<\/script>\n<!-- \/ Yoast SEO plugin. -->","yoast_head_json":{"title":"IT projektu vad\u012bt\u0101js\/-a - Vendon","robots":{"index":"index","follow":"follow","max-snippet":"max-snippet:-1","max-image-preview":"max-image-preview:large","max-video-preview":"max-video-preview:-1"},"canonical":"\/de\/wp-json\/wp\/v2\/pages\/21616","og_locale":"de_DE","og_type":"article","og_title":"IT projektu vad\u012bt\u0101js\/-a - Vendon","og_description":"Aicin\u0101m komand\u0101 IT projektu vad\u012bt\u0101ju Vendon aicina komand\u0101 kol\u0113\u0123i &#8211; pieredz\u0113ju\u0161u un aizraut\u012bgu IT projektu vad\u012bt\u0101ju &#8211; kur\u0161\/-a k\u013c\u016bs par lielisku papildin\u0101jumu m\u016bsu eso\u0161ajai produktu att\u012bst\u012bbas komandai. Darba vieta: R\u012bga, Latvija vai att\u0101lin\u0101tiAtalgojums: no EUR 2600 &#8211; EUR 3200 Par mums Vendon st\u0101sts s\u0101k\u0101s Latvij\u0101 pirms teju 15 gadiem, kad uz\u0146\u0113mums tika dibin\u0101ts Draugiem Group [&hellip;]","og_url":"https:\/\/vendon.net\/de\/career\/it-project-manager\/","og_site_name":"Vendon","article_modified_time":"2026-03-13T13:25:16+00:00","og_image":[{"url":"https:\/\/vendon.net\/wp-content\/uploads\/2025\/09\/Contact-Vendon-2-1024x885.webp"}],"twitter_card":"summary_large_image","twitter_misc":{"Gesch\u00e4tzte Lesezeit":"4 Minuten"},"schema":{"@context":"https:\/\/schema.org","@graph":[{"@type":"WebPage","@id":"https:\/\/vendon.net\/career\/it-project-manager\/","url":"https:\/\/vendon.net\/career\/it-project-manager\/","name":"IT projektu vad\u012bt\u0101js\/-a - Vendon","isPartOf":{"@id":"https:\/\/vendon.net\/#website"},"primaryImageOfPage":{"@id":"https:\/\/vendon.net\/career\/it-project-manager\/#primaryimage"},"image":{"@id":"https:\/\/vendon.net\/career\/it-project-manager\/#primaryimage"},"thumbnailUrl":"https:\/\/vendon.net\/wp-content\/uploads\/2025\/09\/Contact-Vendon-2-1024x885.webp","datePublished":"2026-03-13T10:09:43+00:00","dateModified":"2026-03-13T13:25:16+00:00","breadcrumb":{"@id":"https:\/\/vendon.net\/career\/it-project-manager\/#breadcrumb"},"inLanguage":"de-DE","potentialAction":[{"@type":"ReadAction","target":["https:\/\/vendon.net\/career\/it-project-manager\/"]}]},{"@type":"ImageObject","inLanguage":"de-DE","@id":"https:\/\/vendon.net\/career\/it-project-manager\/#primaryimage","url":"https:\/\/vendon.net\/wp-content\/uploads\/2025\/09\/Contact-Vendon-2-1024x885.webp","contentUrl":"https:\/\/vendon.net\/wp-content\/uploads\/2025\/09\/Contact-Vendon-2-1024x885.webp"},{"@type":"BreadcrumbList","@id":"https:\/\/vendon.net\/career\/it-project-manager\/#breadcrumb","itemListElement":[{"@type":"ListItem","position":1,"name":"Career","item":"https:\/\/vendon.net\/career\/"},{"@type":"ListItem","position":2,"name":"IT projektu vad\u012bt\u0101js\/-a"}]},{"@type":"WebSite","@id":"https:\/\/vendon.net\/#website","url":"https:\/\/vendon.net\/","name":"Vendon","description":"","publisher":{"@id":"https:\/\/vendon.net\/#organization"},"potentialAction":[{"@type":"SearchAction","target":{"@type":"EntryPoint","urlTemplate":"https:\/\/vendon.net\/?s={search_term_string}"},"query-input":"required name=search_term_string"}],"inLanguage":"de-DE"},{"@type":"Organization","@id":"https:\/\/vendon.net\/#organization","name":"Vendon","url":"https:\/\/vendon.net\/","logo":{"@type":"ImageObject","inLanguage":"de-DE","@id":"https:\/\/vendon.net\/#\/schema\/logo\/image\/","url":"https:\/\/vendon.net\/wp-content\/uploads\/2022\/07\/Layer_1.svg","contentUrl":"https:\/\/vendon.net\/wp-content\/uploads\/2022\/07\/Layer_1.svg","width":197,"height":40,"caption":"Vendon"},"image":{"@id":"https:\/\/vendon.net\/#\/schema\/logo\/image\/"}}]}},"_links":{"self":[{"href":"https:\/\/vendon.net\/de\/wp-json\/wp\/v2\/pages\/21616"}],"collection":[{"href":"https:\/\/vendon.net\/de\/wp-json\/wp\/v2\/pages"}],"about":[{"href":"https:\/\/vendon.net\/de\/wp-json\/wp\/v2\/types\/page"}],"author":[{"embeddable":true,"href":"https:\/\/vendon.net\/de\/wp-json\/wp\/v2\/users\/33"}],"replies":[{"embeddable":true,"href":"https:\/\/vendon.net\/de\/wp-json\/wp\/v2\/comments?post=21616"}],"version-history":[{"count":7,"href":"https:\/\/vendon.net\/de\/wp-json\/wp\/v2\/pages\/21616\/revisions"}],"predecessor-version":[{"id":21644,"href":"https:\/\/vendon.net\/de\/wp-json\/wp\/v2\/pages\/21616\/revisions\/21644"}],"up":[{"embeddable":true,"href":"https:\/\/vendon.net\/de\/wp-json\/wp\/v2\/pages\/17260"}],"wp:attachment":[{"href":"https:\/\/vendon.net\/de\/wp-json\/wp\/v2\/media?parent=21616"}],"curies":[{"name":"wp","href":"https:\/\/api.w.org\/{rel}","templated":true}]}}