{"id":15873,"date":"2025-09-02T08:22:06","date_gmt":"2025-09-02T05:22:06","guid":{"rendered":"https:\/\/vendon.net\/?page_id=15873"},"modified":"2025-09-02T13:04:54","modified_gmt":"2025-09-02T10:04:54","slug":"compliance-and-whistleblowing-channel","status":"publish","type":"page","link":"https:\/\/vendon.net\/es\/compliance-and-whistleblowing-channel\/","title":{"rendered":"Compliance and Whistleblowing Channel"},"content":{"rendered":"<div data-elementor-type=\"wp-page\" data-elementor-id=\"15873\" class=\"elementor elementor-15873\" data-elementor-post-type=\"page\">\n\t\t\t\t<div class=\"elementor-element elementor-element-7a0530ef e-flex e-con-boxed e-con e-parent\" data-id=\"7a0530ef\" data-element_type=\"container\">\n\t\t\t\t\t<div class=\"e-con-inner\">\n\t\t\t\t\t<\/div>\n\t\t\t\t<\/div>\n\t\t<div class=\"elementor-element elementor-element-859273f e-flex e-con-boxed e-con e-parent\" data-id=\"859273f\" data-element_type=\"container\">\n\t\t\t\t\t<div class=\"e-con-inner\">\n\t\t<div class=\"elementor-element elementor-element-3feb623 e-con-full section-container e-flex e-con e-child\" data-id=\"3feb623\" data-element_type=\"container\">\n\t\t\t\t<div class=\"elementor-element elementor-element-4c6341e elementor-widget__width-initial elementor-widget elementor-widget-heading\" data-id=\"4c6341e\" data-element_type=\"widget\" data-widget_type=\"heading.default\">\n\t\t\t\t<div class=\"elementor-widget-container\">\n\t\t\t\t\t<h1 class=\"elementor-heading-title elementor-size-default\">Cumplimiento normativo y canal de denuncia de irregularidades<\/h1>\t\t\t\t<\/div>\n\t\t\t\t<\/div>\n\t\t\t\t<\/div>\n\t\t\t\t\t<\/div>\n\t\t\t\t<\/div>\n\t\t<div class=\"elementor-element elementor-element-d62773f e-flex e-con-boxed e-con e-parent\" data-id=\"d62773f\" data-element_type=\"container\">\n\t\t\t\t\t<div class=\"e-con-inner\">\n\t\t\t\t<div class=\"elementor-element elementor-element-a3100e6 elementor-widget elementor-widget-text-editor\" data-id=\"a3100e6\" data-element_type=\"widget\" data-widget_type=\"text-editor.default\">\n\t\t\t\t<div class=\"elementor-widget-container\">\n\t\t\t\t\t\t\t\t\t<p>En cumplimiento de los requisitos legales, Vendon tambi\u00e9n dispone de un canal de denuncia de irregularidades accesible aqu\u00ed:\u00a0 <strong><span style=\"text-decoration: underline;\"><span style=\"color: #000000; text-decoration: underline;\"><a style=\"color: #000000; text-decoration: underline;\" href=\"https:\/\/azkoyengroup.integrityline.com\/\">CANAL DE DENUNCIA DE IRREGULARIDADES<\/a><\/span><\/span><\/strong>.<\/p><p>El canal de denuncia est\u00e1 destinado a todos los profesionales y partes interesadas de las empresas que componen el Grupo Azkoyen, que tengan o puedan tener conocimiento de una infracci\u00f3n cometida por cualquier otro trabajador, directivo o administrador, as\u00ed como a clientes y proveedores.<\/p><p>Las denuncias pueden ser presentadas por todos los empleados, ejecutivos, miembros del Consejo de Administraci\u00f3n o colaboradores externos del Grupo sujetos a su autoridad, que hayan cometido infracciones o comportamientos entre los previstos en el \u00e1rea que se indica a continuaci\u00f3n.<\/p><p>El objetivo del Canal de Denuncias es la recepci\u00f3n, gesti\u00f3n y tramitaci\u00f3n de denuncias relacionadas con incumplimientos o episodios de inobservancia de la normativa, cometidos por empleados o empresas.<\/p><p>Es un canal de comunicaci\u00f3n confidencial accesible para empleados, clientes, proveedores, accionistas, etc., vinculado al Grupo Azkoyen, al Comit\u00e9 de Auditor\u00eda y a la Unidad de Apoyo delegada para gestionar el canal de denuncia de irregularidades de acuerdo con la Pol\u00edtica de la empresa.<\/p><p>En la gesti\u00f3n del canal de Denuncia de Irregularidades, Vendon y AZKOYEN, SA han firmado un\u00a0<span style=\"text-decoration: underline; color: #000000;\"><a style=\"color: #000000; text-decoration: underline;\" href=\"https:\/\/vendon.net\/wp-content\/uploads\/2024\/11\/Joint-Processing-Agreement.pdf\">acuerdo de tratamiento conjunto<\/a><\/span>\u00a0ya que tratan conjuntamente los datos personales adquiridos en virtud del Reglamento Europeo 2016\/679 (en adelante, RGPD) de la forma que se especifica con precisi\u00f3n en el acuerdo.<\/p><p>Para obtener m\u00e1s informaci\u00f3n, consulte la\u00a0<span style=\"text-decoration: underline;\"><span style=\"color: #000000; text-decoration: underline;\"><a style=\"color: #000000; text-decoration: underline;\" href=\"https:\/\/vendon.net\/wp-content\/uploads\/2024\/11\/Whistleblowing-Channel-Policy.pdf\">Pol\u00edtica del canal de denuncia de irregularidades<\/a><\/span><\/span>\u00a0y la<span style=\"text-decoration: underline;\"><span style=\"color: #000000; text-decoration: underline;\">\u00a0<a style=\"color: #000000; text-decoration: underline;\" href=\"https:\/\/vendon.net\/wp-content\/uploads\/2024\/11\/Privacy-Policy-of-the-whistleblowing-channel.pdf\">Pol\u00edtica de privacidad del canal de denuncia de irregularidades.<\/a>.<\/span><\/span><\/p><p>Al acceder o utilizar este sitio web o cualquiera de nuestros Servicios, usted acepta los t\u00e9rminos establecidos en esta Pol\u00edtica de privacidad, la Pol\u00edtica de cookies y otros t\u00e9rminos y pol\u00edticas publicados en nuestro sitio web. Si no est\u00e1 de acuerdo con esta Pol\u00edtica de privacidad, debe abandonar este sitio web y dejar de utilizar cualquiera de nuestros Servicios.<\/p>\t\t\t\t\t\t\t\t<\/div>\n\t\t\t\t<\/div>\n\t\t\t\t\t<\/div>\n\t\t\t\t<\/div>\n\t\t\t\t<\/div>","protected":false},"excerpt":{"rendered":"<p>Compliance and Whistleblowing Channel \u200b In compliance with legislative requirements, Vendon also has a Whistleblowing Channel accessible here:\u00a0 WHISTLEBLOWING CHANNEL. The whistleblowing channel is intended for all professionals and stakeholders of the companies that make up the Azkoyen Group, who are or might be aware of a violation committed by any other worker, manager, or [&hellip;]<\/p>","protected":false},"author":28,"featured_media":0,"parent":0,"menu_order":0,"comment_status":"closed","ping_status":"closed","template":"","meta":{"site-sidebar-layout":"no-sidebar","site-content-layout":"page-builder","ast-site-content-layout":"full-width-container","site-content-style":"default","site-sidebar-style":"default","ast-global-header-display":"","ast-banner-title-visibility":"","ast-main-header-display":"","ast-hfb-above-header-display":"","ast-hfb-below-header-display":"","ast-hfb-mobile-header-display":"","site-post-title":"disabled","ast-breadcrumbs-content":"","ast-featured-img":"disabled","footer-sml-layout":"","theme-transparent-header-meta":"default","adv-header-id-meta":"","stick-header-meta":"","header-above-stick-meta":"","header-main-stick-meta":"","header-below-stick-meta":"","astra-migrate-meta-layouts":"set","ast-page-background-enabled":"default","ast-page-background-meta":{"desktop":{"background-color":"","background-image":"","background-repeat":"repeat","background-position":"center center","background-size":"auto","background-attachment":"scroll","background-type":"","background-media":"","overlay-type":"","overlay-color":"","overlay-gradient":""},"tablet":{"background-color":"","background-image":"","background-repeat":"repeat","background-position":"center center","background-size":"auto","background-attachment":"scroll","background-type":"","background-media":"","overlay-type":"","overlay-color":"","overlay-gradient":""},"mobile":{"background-color":"","background-image":"","background-repeat":"repeat","background-position":"center center","background-size":"auto","background-attachment":"scroll","background-type":"","background-media":"","overlay-type":"","overlay-color":"","overlay-gradient":""}},"ast-content-background-meta":{"desktop":{"background-color":"var(--ast-global-color-5)","background-image":"","background-repeat":"repeat","background-position":"center center","background-size":"auto","background-attachment":"scroll","background-type":"","background-media":"","overlay-type":"","overlay-color":"","overlay-gradient":""},"tablet":{"background-color":"var(--ast-global-color-5)","background-image":"","background-repeat":"repeat","background-position":"center center","background-size":"auto","background-attachment":"scroll","background-type":"","background-media":"","overlay-type":"","overlay-color":"","overlay-gradient":""},"mobile":{"background-color":"var(--ast-global-color-5)","background-image":"","background-repeat":"repeat","background-position":"center center","background-size":"auto","background-attachment":"scroll","background-type":"","background-media":"","overlay-type":"","overlay-color":"","overlay-gradient":""}},"footnotes":""},"yoast_head":"<!-- This site is optimized with the Yoast SEO plugin v22.7 - https:\/\/yoast.com\/wordpress\/plugins\/seo\/ -->\n<title>Compliance and Whistleblowing Channel - Vendon<\/title>\n<meta name=\"robots\" content=\"index, follow, max-snippet:-1, max-image-preview:large, max-video-preview:-1\" \/>\n<link rel=\"canonical\" href=\"\/es\/wp-json\/wp\/v2\/pages\/15873\" \/>\n<meta property=\"og:locale\" content=\"es_ES\" \/>\n<meta property=\"og:type\" content=\"article\" \/>\n<meta property=\"og:title\" content=\"Compliance and Whistleblowing Channel - Vendon\" \/>\n<meta property=\"og:description\" content=\"Compliance and Whistleblowing Channel \u200b In compliance with legislative requirements, Vendon also has a Whistleblowing Channel accessible here:\u00a0 WHISTLEBLOWING CHANNEL. The whistleblowing channel is intended for all professionals and stakeholders of the companies that make up the Azkoyen Group, who are or might be aware of a violation committed by any other worker, manager, or [&hellip;]\" \/>\n<meta property=\"og:url\" content=\"https:\/\/vendon.net\/es\/compliance-and-whistleblowing-channel\/\" \/>\n<meta property=\"og:site_name\" content=\"Vendon\" \/>\n<meta property=\"article:modified_time\" content=\"2025-09-02T10:04:54+00:00\" \/>\n<meta name=\"twitter:card\" content=\"summary_large_image\" \/>\n<meta name=\"twitter:label1\" content=\"Tiempo de lectura\" \/>\n\t<meta name=\"twitter:data1\" content=\"1 minuto\" \/>\n<script type=\"application\/ld+json\" class=\"yoast-schema-graph\">{\"@context\":\"https:\/\/schema.org\",\"@graph\":[{\"@type\":\"WebPage\",\"@id\":\"https:\/\/vendon.net\/compliance-and-whistleblowing-channel\/\",\"url\":\"https:\/\/vendon.net\/compliance-and-whistleblowing-channel\/\",\"name\":\"Compliance and Whistleblowing Channel - Vendon\",\"isPartOf\":{\"@id\":\"https:\/\/vendon.net\/#website\"},\"datePublished\":\"2025-09-02T05:22:06+00:00\",\"dateModified\":\"2025-09-02T10:04:54+00:00\",\"inLanguage\":\"es\",\"potentialAction\":[{\"@type\":\"ReadAction\",\"target\":[\"https:\/\/vendon.net\/compliance-and-whistleblowing-channel\/\"]}]},{\"@type\":\"WebSite\",\"@id\":\"https:\/\/vendon.net\/#website\",\"url\":\"https:\/\/vendon.net\/\",\"name\":\"Vendon\",\"description\":\"\",\"publisher\":{\"@id\":\"https:\/\/vendon.net\/#organization\"},\"potentialAction\":[{\"@type\":\"SearchAction\",\"target\":{\"@type\":\"EntryPoint\",\"urlTemplate\":\"https:\/\/vendon.net\/?s={search_term_string}\"},\"query-input\":\"required name=search_term_string\"}],\"inLanguage\":\"es\"},{\"@type\":\"Organization\",\"@id\":\"https:\/\/vendon.net\/#organization\",\"name\":\"Vendon\",\"url\":\"https:\/\/vendon.net\/\",\"logo\":{\"@type\":\"ImageObject\",\"inLanguage\":\"es\",\"@id\":\"https:\/\/vendon.net\/#\/schema\/logo\/image\/\",\"url\":\"https:\/\/vendon.net\/wp-content\/uploads\/2022\/07\/Layer_1.svg\",\"contentUrl\":\"https:\/\/vendon.net\/wp-content\/uploads\/2022\/07\/Layer_1.svg\",\"width\":197,\"height\":40,\"caption\":\"Vendon\"},\"image\":{\"@id\":\"https:\/\/vendon.net\/#\/schema\/logo\/image\/\"}}]}<\/script>\n<!-- \/ Yoast SEO plugin. -->","yoast_head_json":{"title":"Compliance and Whistleblowing Channel - Vendon","robots":{"index":"index","follow":"follow","max-snippet":"max-snippet:-1","max-image-preview":"max-image-preview:large","max-video-preview":"max-video-preview:-1"},"canonical":"\/es\/wp-json\/wp\/v2\/pages\/15873","og_locale":"es_ES","og_type":"article","og_title":"Compliance and Whistleblowing Channel - Vendon","og_description":"Compliance and Whistleblowing Channel \u200b In compliance with legislative requirements, Vendon also has a Whistleblowing Channel accessible here:\u00a0 WHISTLEBLOWING CHANNEL. The whistleblowing channel is intended for all professionals and stakeholders of the companies that make up the Azkoyen Group, who are or might be aware of a violation committed by any other worker, manager, or [&hellip;]","og_url":"https:\/\/vendon.net\/es\/compliance-and-whistleblowing-channel\/","og_site_name":"Vendon","article_modified_time":"2025-09-02T10:04:54+00:00","twitter_card":"summary_large_image","twitter_misc":{"Tiempo de lectura":"1 minuto"},"schema":{"@context":"https:\/\/schema.org","@graph":[{"@type":"WebPage","@id":"https:\/\/vendon.net\/compliance-and-whistleblowing-channel\/","url":"https:\/\/vendon.net\/compliance-and-whistleblowing-channel\/","name":"Compliance and Whistleblowing Channel - Vendon","isPartOf":{"@id":"https:\/\/vendon.net\/#website"},"datePublished":"2025-09-02T05:22:06+00:00","dateModified":"2025-09-02T10:04:54+00:00","inLanguage":"es","potentialAction":[{"@type":"ReadAction","target":["https:\/\/vendon.net\/compliance-and-whistleblowing-channel\/"]}]},{"@type":"WebSite","@id":"https:\/\/vendon.net\/#website","url":"https:\/\/vendon.net\/","name":"Vendon","description":"","publisher":{"@id":"https:\/\/vendon.net\/#organization"},"potentialAction":[{"@type":"SearchAction","target":{"@type":"EntryPoint","urlTemplate":"https:\/\/vendon.net\/?s={search_term_string}"},"query-input":"required name=search_term_string"}],"inLanguage":"es"},{"@type":"Organization","@id":"https:\/\/vendon.net\/#organization","name":"Vendon","url":"https:\/\/vendon.net\/","logo":{"@type":"ImageObject","inLanguage":"es","@id":"https:\/\/vendon.net\/#\/schema\/logo\/image\/","url":"https:\/\/vendon.net\/wp-content\/uploads\/2022\/07\/Layer_1.svg","contentUrl":"https:\/\/vendon.net\/wp-content\/uploads\/2022\/07\/Layer_1.svg","width":197,"height":40,"caption":"Vendon"},"image":{"@id":"https:\/\/vendon.net\/#\/schema\/logo\/image\/"}}]}},"_links":{"self":[{"href":"https:\/\/vendon.net\/es\/wp-json\/wp\/v2\/pages\/15873"}],"collection":[{"href":"https:\/\/vendon.net\/es\/wp-json\/wp\/v2\/pages"}],"about":[{"href":"https:\/\/vendon.net\/es\/wp-json\/wp\/v2\/types\/page"}],"author":[{"embeddable":true,"href":"https:\/\/vendon.net\/es\/wp-json\/wp\/v2\/users\/28"}],"replies":[{"embeddable":true,"href":"https:\/\/vendon.net\/es\/wp-json\/wp\/v2\/comments?post=15873"}],"version-history":[{"count":9,"href":"https:\/\/vendon.net\/es\/wp-json\/wp\/v2\/pages\/15873\/revisions"}],"predecessor-version":[{"id":15933,"href":"https:\/\/vendon.net\/es\/wp-json\/wp\/v2\/pages\/15873\/revisions\/15933"}],"wp:attachment":[{"href":"https:\/\/vendon.net\/es\/wp-json\/wp\/v2\/media?parent=15873"}],"curies":[{"name":"wp","href":"https:\/\/api.w.org\/{rel}","templated":true}]}}