{"id":15873,"date":"2025-09-02T08:22:06","date_gmt":"2025-09-02T05:22:06","guid":{"rendered":"https:\/\/vendon.net\/?page_id=15873"},"modified":"2025-09-02T13:04:54","modified_gmt":"2025-09-02T10:04:54","slug":"compliance-and-whistleblowing-channel","status":"publish","type":"page","link":"https:\/\/vendon.net\/fr\/compliance-and-whistleblowing-channel\/","title":{"rendered":"Compliance and Whistleblowing Channel"},"content":{"rendered":"<div data-elementor-type=\"wp-page\" data-elementor-id=\"15873\" class=\"elementor elementor-15873\" data-elementor-post-type=\"page\">\n\t\t\t\t<div class=\"elementor-element elementor-element-7a0530ef e-flex e-con-boxed e-con e-parent\" data-id=\"7a0530ef\" data-element_type=\"container\">\n\t\t\t\t\t<div class=\"e-con-inner\">\n\t\t\t\t\t<\/div>\n\t\t\t\t<\/div>\n\t\t<div class=\"elementor-element elementor-element-859273f e-flex e-con-boxed e-con e-parent\" data-id=\"859273f\" data-element_type=\"container\">\n\t\t\t\t\t<div class=\"e-con-inner\">\n\t\t<div class=\"elementor-element elementor-element-3feb623 e-con-full section-container e-flex e-con e-child\" data-id=\"3feb623\" data-element_type=\"container\">\n\t\t\t\t<div class=\"elementor-element elementor-element-4c6341e elementor-widget__width-initial elementor-widget elementor-widget-heading\" data-id=\"4c6341e\" data-element_type=\"widget\" data-widget_type=\"heading.default\">\n\t\t\t\t<div class=\"elementor-widget-container\">\n\t\t\t\t\t<h1 class=\"elementor-heading-title elementor-size-default\">Canal de Whistleblowing<\/h1>\t\t\t\t<\/div>\n\t\t\t\t<\/div>\n\t\t\t\t<\/div>\n\t\t\t\t\t<\/div>\n\t\t\t\t<\/div>\n\t\t<div class=\"elementor-element elementor-element-d62773f e-flex e-con-boxed e-con e-parent\" data-id=\"d62773f\" data-element_type=\"container\">\n\t\t\t\t\t<div class=\"e-con-inner\">\n\t\t\t\t<div class=\"elementor-element elementor-element-a3100e6 elementor-widget elementor-widget-text-editor\" data-id=\"a3100e6\" data-element_type=\"widget\" data-widget_type=\"text-editor.default\">\n\t\t\t\t<div class=\"elementor-widget-container\">\n\t\t\t\t\t\t\t\t\t<p>Conform\u00e9ment aux mesures l\u00e9gislatives, Vendon utilise par ailleurs un Canal de D\u00e9nonciations (ou Whistleblowing) accessible ici :\u00a0 <strong><span style=\"text-decoration: underline;\"><span style=\"color: #000000; text-decoration: underline;\"><a style=\"color: #000000; text-decoration: underline;\" href=\"https:\/\/azkoyengroup.integrityline.com\/\">CANAL DE WHISTLEBLOWING<\/a><\/span><\/span><\/strong>.<\/p><p>Le canal de whistleblowing s\u2019adresse \u00e0 tous les professionnels et \u00e0 toutes les parties prenantes des soci\u00e9t\u00e9s du Groupe Azkoyen, qui ont ou pourraient avoir connaissance d\u2019une violation commise par tout autre employ\u00e9, directeur ou administrateur, mais aussi par des clients et fournisseurs.<\/p><p>Tous les salari\u00e9s, dirigeants, membres du Conseil d\u2019administration ou collaborateurs externes du Groupe soumis \u00e0 son autorit\u00e9, ayant commis des infractions ou eu des comportements relevant du cadre ci-apr\u00e8s peuvent faire l\u2019objet de signalement.<\/p><p>L\u2019objectif du canal de d\u00e9nonciations est la r\u00e9ception, la gestion et le traitement des d\u00e9nonciations relatives \u00e0 des non-conformit\u00e9s ou \u00e0 des \u00e9pisodes de non-respect de la l\u00e9gislation, commis par des salari\u00e9s ou des soci\u00e9t\u00e9s.<\/p><p>Il s\u2019agit d\u2019un canal de communication r\u00e9serv\u00e9 accessible aux salari\u00e9s, clients, fournisseurs, actionnaires, etc. li\u00e9s au Groupe Azkoyen, au comit\u00e9 d\u2019audit et \u00e0 la direction de la soci\u00e9t\u00e9.<\/p><p>Dans la gestion du canal de whistleblowing, Vendon et le AZKOYEN, S.A. ont sign\u00e9 un\u00a0<span style=\"text-decoration: underline; color: #000000;\"><a style=\"color: #000000; text-decoration: underline;\" href=\"https:\/\/vendon.net\/wp-content\/uploads\/2024\/11\/Joint-Processing-Agreement.pdf\">accord de co-responsabilit\u00e9<\/a><\/span>\u00a0car ils traitent de fa\u00e7on conjointe, de mani\u00e8res sp\u00e9cifi\u00e9es en d\u00e9tail dans l\u2019accord, les donn\u00e9es personnelles acquises, aux termes du R\u00e8glement europ\u00e9en 2016\/679 (ci-apr\u00e8s RGPD).<\/p><p>Pour de plus amples informations, veuillez consulter la\u00a0<span style=\"text-decoration: underline;\"><span style=\"color: #000000; text-decoration: underline;\"><a style=\"color: #000000; text-decoration: underline;\" href=\"https:\/\/vendon.net\/wp-content\/uploads\/2024\/11\/Whistleblowing-Channel-Policy.pdf\">Politique du Canal de Whistleblowing<\/a><\/span><\/span>\u00a0et la<span style=\"text-decoration: underline;\"><span style=\"color: #000000; text-decoration: underline;\">\u00a0<a style=\"color: #000000; text-decoration: underline;\" href=\"https:\/\/vendon.net\/wp-content\/uploads\/2024\/11\/Privacy-Policy-of-the-whistleblowing-channel.pdf\">Politique de confidentialit\u00e9 du canal de whistleblowing<\/a>.<\/span><\/span><\/p><p>En acc\u00e9dant \u00e0 ce site ou en utilisant nos services, vous acceptez les termes stipul\u00e9s dans cette Politique de confidentialit\u00e9, dans la Politique de Cookies et autres conditions et politiques publi\u00e9es sur notre site. Si vous n\u2019acceptez pas la pr\u00e9sente Politique de confidentialit\u00e9, vous devez quitter ce site et cesser d\u2019utiliser tous nos services.<\/p>\t\t\t\t\t\t\t\t<\/div>\n\t\t\t\t<\/div>\n\t\t\t\t\t<\/div>\n\t\t\t\t<\/div>\n\t\t\t\t<\/div>","protected":false},"excerpt":{"rendered":"<p>Compliance and Whistleblowing Channel \u200b In compliance with legislative requirements, Vendon also has a Whistleblowing Channel accessible here:\u00a0 WHISTLEBLOWING CHANNEL. The whistleblowing channel is intended for all professionals and stakeholders of the companies that make up the Azkoyen Group, who are or might be aware of a violation committed by any other worker, manager, or [&hellip;]<\/p>","protected":false},"author":28,"featured_media":0,"parent":0,"menu_order":0,"comment_status":"closed","ping_status":"closed","template":"","meta":{"site-sidebar-layout":"no-sidebar","site-content-layout":"page-builder","ast-site-content-layout":"full-width-container","site-content-style":"default","site-sidebar-style":"default","ast-global-header-display":"","ast-banner-title-visibility":"","ast-main-header-display":"","ast-hfb-above-header-display":"","ast-hfb-below-header-display":"","ast-hfb-mobile-header-display":"","site-post-title":"disabled","ast-breadcrumbs-content":"","ast-featured-img":"disabled","footer-sml-layout":"","theme-transparent-header-meta":"default","adv-header-id-meta":"","stick-header-meta":"","header-above-stick-meta":"","header-main-stick-meta":"","header-below-stick-meta":"","astra-migrate-meta-layouts":"set","ast-page-background-enabled":"default","ast-page-background-meta":{"desktop":{"background-color":"","background-image":"","background-repeat":"repeat","background-position":"center center","background-size":"auto","background-attachment":"scroll","background-type":"","background-media":"","overlay-type":"","overlay-color":"","overlay-gradient":""},"tablet":{"background-color":"","background-image":"","background-repeat":"repeat","background-position":"center center","background-size":"auto","background-attachment":"scroll","background-type":"","background-media":"","overlay-type":"","overlay-color":"","overlay-gradient":""},"mobile":{"background-color":"","background-image":"","background-repeat":"repeat","background-position":"center center","background-size":"auto","background-attachment":"scroll","background-type":"","background-media":"","overlay-type":"","overlay-color":"","overlay-gradient":""}},"ast-content-background-meta":{"desktop":{"background-color":"var(--ast-global-color-5)","background-image":"","background-repeat":"repeat","background-position":"center center","background-size":"auto","background-attachment":"scroll","background-type":"","background-media":"","overlay-type":"","overlay-color":"","overlay-gradient":""},"tablet":{"background-color":"var(--ast-global-color-5)","background-image":"","background-repeat":"repeat","background-position":"center center","background-size":"auto","background-attachment":"scroll","background-type":"","background-media":"","overlay-type":"","overlay-color":"","overlay-gradient":""},"mobile":{"background-color":"var(--ast-global-color-5)","background-image":"","background-repeat":"repeat","background-position":"center center","background-size":"auto","background-attachment":"scroll","background-type":"","background-media":"","overlay-type":"","overlay-color":"","overlay-gradient":""}},"footnotes":""},"yoast_head":"<!-- This site is optimized with the Yoast SEO plugin v22.7 - https:\/\/yoast.com\/wordpress\/plugins\/seo\/ -->\n<title>Compliance and Whistleblowing Channel - Vendon<\/title>\n<meta name=\"robots\" content=\"index, follow, max-snippet:-1, max-image-preview:large, max-video-preview:-1\" \/>\n<link rel=\"canonical\" href=\"\/fr\/wp-json\/wp\/v2\/pages\/15873\" \/>\n<meta property=\"og:locale\" content=\"fr_FR\" \/>\n<meta property=\"og:type\" content=\"article\" \/>\n<meta property=\"og:title\" content=\"Compliance and Whistleblowing Channel - Vendon\" \/>\n<meta property=\"og:description\" content=\"Compliance and Whistleblowing Channel \u200b In compliance with legislative requirements, Vendon also has a Whistleblowing Channel accessible here:\u00a0 WHISTLEBLOWING CHANNEL. The whistleblowing channel is intended for all professionals and stakeholders of the companies that make up the Azkoyen Group, who are or might be aware of a violation committed by any other worker, manager, or [&hellip;]\" \/>\n<meta property=\"og:url\" content=\"https:\/\/vendon.net\/fr\/compliance-and-whistleblowing-channel\/\" \/>\n<meta property=\"og:site_name\" content=\"Vendon\" \/>\n<meta property=\"article:modified_time\" content=\"2025-09-02T10:04:54+00:00\" \/>\n<meta name=\"twitter:card\" content=\"summary_large_image\" \/>\n<meta name=\"twitter:label1\" content=\"Dur\u00e9e de lecture estim\u00e9e\" \/>\n\t<meta name=\"twitter:data1\" content=\"1 minute\" \/>\n<script type=\"application\/ld+json\" class=\"yoast-schema-graph\">{\"@context\":\"https:\/\/schema.org\",\"@graph\":[{\"@type\":\"WebPage\",\"@id\":\"https:\/\/vendon.net\/compliance-and-whistleblowing-channel\/\",\"url\":\"https:\/\/vendon.net\/compliance-and-whistleblowing-channel\/\",\"name\":\"Compliance and Whistleblowing Channel - Vendon\",\"isPartOf\":{\"@id\":\"https:\/\/vendon.net\/#website\"},\"datePublished\":\"2025-09-02T05:22:06+00:00\",\"dateModified\":\"2025-09-02T10:04:54+00:00\",\"inLanguage\":\"fr-FR\",\"potentialAction\":[{\"@type\":\"ReadAction\",\"target\":[\"https:\/\/vendon.net\/compliance-and-whistleblowing-channel\/\"]}]},{\"@type\":\"WebSite\",\"@id\":\"https:\/\/vendon.net\/#website\",\"url\":\"https:\/\/vendon.net\/\",\"name\":\"Vendon\",\"description\":\"\",\"publisher\":{\"@id\":\"https:\/\/vendon.net\/#organization\"},\"potentialAction\":[{\"@type\":\"SearchAction\",\"target\":{\"@type\":\"EntryPoint\",\"urlTemplate\":\"https:\/\/vendon.net\/?s={search_term_string}\"},\"query-input\":\"required name=search_term_string\"}],\"inLanguage\":\"fr-FR\"},{\"@type\":\"Organization\",\"@id\":\"https:\/\/vendon.net\/#organization\",\"name\":\"Vendon\",\"url\":\"https:\/\/vendon.net\/\",\"logo\":{\"@type\":\"ImageObject\",\"inLanguage\":\"fr-FR\",\"@id\":\"https:\/\/vendon.net\/#\/schema\/logo\/image\/\",\"url\":\"https:\/\/vendon.net\/wp-content\/uploads\/2022\/07\/Layer_1.svg\",\"contentUrl\":\"https:\/\/vendon.net\/wp-content\/uploads\/2022\/07\/Layer_1.svg\",\"width\":197,\"height\":40,\"caption\":\"Vendon\"},\"image\":{\"@id\":\"https:\/\/vendon.net\/#\/schema\/logo\/image\/\"}}]}<\/script>\n<!-- \/ Yoast SEO plugin. -->","yoast_head_json":{"title":"Compliance and Whistleblowing Channel - Vendon","robots":{"index":"index","follow":"follow","max-snippet":"max-snippet:-1","max-image-preview":"max-image-preview:large","max-video-preview":"max-video-preview:-1"},"canonical":"\/fr\/wp-json\/wp\/v2\/pages\/15873","og_locale":"fr_FR","og_type":"article","og_title":"Compliance and Whistleblowing Channel - Vendon","og_description":"Compliance and Whistleblowing Channel \u200b In compliance with legislative requirements, Vendon also has a Whistleblowing Channel accessible here:\u00a0 WHISTLEBLOWING CHANNEL. The whistleblowing channel is intended for all professionals and stakeholders of the companies that make up the Azkoyen Group, who are or might be aware of a violation committed by any other worker, manager, or [&hellip;]","og_url":"https:\/\/vendon.net\/fr\/compliance-and-whistleblowing-channel\/","og_site_name":"Vendon","article_modified_time":"2025-09-02T10:04:54+00:00","twitter_card":"summary_large_image","twitter_misc":{"Dur\u00e9e de lecture estim\u00e9e":"1 minute"},"schema":{"@context":"https:\/\/schema.org","@graph":[{"@type":"WebPage","@id":"https:\/\/vendon.net\/compliance-and-whistleblowing-channel\/","url":"https:\/\/vendon.net\/compliance-and-whistleblowing-channel\/","name":"Compliance and Whistleblowing Channel - Vendon","isPartOf":{"@id":"https:\/\/vendon.net\/#website"},"datePublished":"2025-09-02T05:22:06+00:00","dateModified":"2025-09-02T10:04:54+00:00","inLanguage":"fr-FR","potentialAction":[{"@type":"ReadAction","target":["https:\/\/vendon.net\/compliance-and-whistleblowing-channel\/"]}]},{"@type":"WebSite","@id":"https:\/\/vendon.net\/#website","url":"https:\/\/vendon.net\/","name":"Vendon","description":"","publisher":{"@id":"https:\/\/vendon.net\/#organization"},"potentialAction":[{"@type":"SearchAction","target":{"@type":"EntryPoint","urlTemplate":"https:\/\/vendon.net\/?s={search_term_string}"},"query-input":"required name=search_term_string"}],"inLanguage":"fr-FR"},{"@type":"Organization","@id":"https:\/\/vendon.net\/#organization","name":"Vendon","url":"https:\/\/vendon.net\/","logo":{"@type":"ImageObject","inLanguage":"fr-FR","@id":"https:\/\/vendon.net\/#\/schema\/logo\/image\/","url":"https:\/\/vendon.net\/wp-content\/uploads\/2022\/07\/Layer_1.svg","contentUrl":"https:\/\/vendon.net\/wp-content\/uploads\/2022\/07\/Layer_1.svg","width":197,"height":40,"caption":"Vendon"},"image":{"@id":"https:\/\/vendon.net\/#\/schema\/logo\/image\/"}}]}},"_links":{"self":[{"href":"https:\/\/vendon.net\/fr\/wp-json\/wp\/v2\/pages\/15873"}],"collection":[{"href":"https:\/\/vendon.net\/fr\/wp-json\/wp\/v2\/pages"}],"about":[{"href":"https:\/\/vendon.net\/fr\/wp-json\/wp\/v2\/types\/page"}],"author":[{"embeddable":true,"href":"https:\/\/vendon.net\/fr\/wp-json\/wp\/v2\/users\/28"}],"replies":[{"embeddable":true,"href":"https:\/\/vendon.net\/fr\/wp-json\/wp\/v2\/comments?post=15873"}],"version-history":[{"count":9,"href":"https:\/\/vendon.net\/fr\/wp-json\/wp\/v2\/pages\/15873\/revisions"}],"predecessor-version":[{"id":15933,"href":"https:\/\/vendon.net\/fr\/wp-json\/wp\/v2\/pages\/15873\/revisions\/15933"}],"wp:attachment":[{"href":"https:\/\/vendon.net\/fr\/wp-json\/wp\/v2\/media?parent=15873"}],"curies":[{"name":"wp","href":"https:\/\/api.w.org\/{rel}","templated":true}]}}