{"id":20402,"date":"2025-10-01T15:05:29","date_gmt":"2025-10-01T12:05:29","guid":{"rendered":"https:\/\/vendon.net\/?page_id=20402"},"modified":"2025-10-01T17:47:03","modified_gmt":"2025-10-01T14:47:03","slug":"pardosanas-projektu-vaditajs","status":"publish","type":"page","link":"https:\/\/vendon.net\/nl\/career\/pardosanas-projektu-vaditajs\/","title":{"rendered":"P\u0101rdo\u0161anas projektu vad\u012bt\u0101js"},"content":{"rendered":"<div data-elementor-type=\"wp-page\" data-elementor-id=\"20402\" class=\"elementor elementor-20402\" data-elementor-post-type=\"page\">\n\t\t\t\t<div class=\"elementor-element elementor-element-8d2e18f e-flex e-con-boxed e-con e-parent\" data-id=\"8d2e18f\" data-element_type=\"container\">\n\t\t\t\t\t<div class=\"e-con-inner\">\n\t\t<div class=\"elementor-element elementor-element-727f16a e-con-full e-flex e-con e-child\" data-id=\"727f16a\" data-element_type=\"container\">\n\t\t<div class=\"elementor-element elementor-element-534fc55 e-con-full e-flex e-con e-child\" data-id=\"534fc55\" data-element_type=\"container\">\n\t\t<div class=\"elementor-element elementor-element-fc84e1b e-con-full text-container-flex e-flex e-con e-child\" data-id=\"fc84e1b\" data-element_type=\"container\">\n\t\t<div class=\"elementor-element elementor-element-2b3eb70 e-con-full e-flex e-con e-child\" data-id=\"2b3eb70\" data-element_type=\"container\">\n\t\t\t\t<div class=\"elementor-element elementor-element-eb26ee0 elementor-widget elementor-widget-heading\" data-id=\"eb26ee0\" data-element_type=\"widget\" data-widget_type=\"heading.default\">\n\t\t\t\t<div class=\"elementor-widget-container\">\n\t\t\t\t\t<h2 class=\"elementor-heading-title elementor-size-default\">Aicin\u0101m komand\u0101<\/h2>\t\t\t\t<\/div>\n\t\t\t\t<\/div>\n\t\t\t\t<div class=\"elementor-element elementor-element-c6eb542 hero-title elementor-widget__width-inherit elementor-widget elementor-widget-heading\" data-id=\"c6eb542\" data-element_type=\"widget\" data-widget_type=\"heading.default\">\n\t\t\t\t<div class=\"elementor-widget-container\">\n\t\t\t\t\t<h2 class=\"elementor-heading-title elementor-size-default\">P\u0101rdo\u0161anas projektu vad\u012bt\u0101ju<\/h2>\t\t\t\t<\/div>\n\t\t\t\t<\/div>\n\t\t\t\t<\/div>\n\t\t\t\t<\/div>\n\t\t<div class=\"elementor-element elementor-element-01e2334 e-con-full elementor-hidden-tablet elementor-hidden-mobile e-flex e-con e-child\" data-id=\"01e2334\" data-element_type=\"container\" data-settings=\"{&quot;background_background&quot;:&quot;classic&quot;}\">\n\t\t<div class=\"elementor-element elementor-element-e30d398 e-con-full e-flex e-con e-child\" data-id=\"e30d398\" data-element_type=\"container\">\n\t\t\t\t<div class=\"elementor-element elementor-element-8005d8c elementor-widget elementor-widget-image\" data-id=\"8005d8c\" data-element_type=\"widget\" data-widget_type=\"image.default\">\n\t\t\t\t<div class=\"elementor-widget-container\">\n\t\t\t\t\t\t\t\t\t\t\t\t\t\t\t<img fetchpriority=\"high\" decoding=\"async\" width=\"1024\" height=\"885\" src=\"https:\/\/vendon.net\/wp-content\/uploads\/2025\/09\/Contact-Vendon-2-1024x885.webp\" class=\"attachment-large size-large wp-image-18020\" alt=\"\" srcset=\"https:\/\/vendon.net\/wp-content\/uploads\/2025\/09\/Contact-Vendon-2-1024x885.webp 1024w, https:\/\/vendon.net\/wp-content\/uploads\/2025\/09\/Contact-Vendon-2-300x259.webp 300w, https:\/\/vendon.net\/wp-content\/uploads\/2025\/09\/Contact-Vendon-2-768x664.webp 768w, https:\/\/vendon.net\/wp-content\/uploads\/2025\/09\/Contact-Vendon-2-14x12.webp 14w, https:\/\/vendon.net\/wp-content\/uploads\/2025\/09\/Contact-Vendon-2.webp 1198w\" sizes=\"(max-width: 1024px) 100vw, 1024px\" \/>\t\t\t\t\t\t\t\t\t\t\t\t\t\t\t<\/div>\n\t\t\t\t<\/div>\n\t\t\t\t<\/div>\n\t\t\t\t<\/div>\n\t\t\t\t<\/div>\n\t\t\t\t<\/div>\n\t\t\t\t\t<\/div>\n\t\t\t\t<\/div>\n\t\t<div class=\"elementor-element elementor-element-0fa0378 e-flex e-con-boxed e-con e-parent\" data-id=\"0fa0378\" data-element_type=\"container\">\n\t\t\t\t\t<div class=\"e-con-inner\">\n\t\t<div class=\"elementor-element elementor-element-3ab1591 e-con-full e-flex e-con e-child\" data-id=\"3ab1591\" data-element_type=\"container\">\n\t\t\t\t<div class=\"elementor-element elementor-element-0e62d64 elementor-widget elementor-widget-text-editor\" data-id=\"0e62d64\" data-element_type=\"widget\" data-widget_type=\"text-editor.default\">\n\t\t\t\t<div class=\"elementor-widget-container\">\n\t\t\t\t\t\t\t\t\t<p>Vendon aicina komand\u0101 kol\u0113\u0123i &#8211; p\u0101rdo\u0161anas projektu vad\u012bt\u0101ju,\u00a0<br \/><span style=\"font-style: inherit; font-weight: inherit;\">kur\u0161\/-a k\u013c\u016bs par lielisku papildin\u0101jumu m\u016bsu eso\u0161ajai p\u0101rdo\u0161anas komandai.<\/span><\/p><p><b>Darba vieta:<\/b> R\u012bga<br \/><b>Atalgojums:<\/b> no EUR 2500,- bruto<\/p>\t\t\t\t\t\t\t\t<\/div>\n\t\t\t\t<\/div>\n\t\t\t\t<\/div>\n\t\t<div class=\"elementor-element elementor-element-79c816c e-con-full e-flex e-con e-child\" data-id=\"79c816c\" data-element_type=\"container\">\n\t\t\t\t<\/div>\n\t\t\t\t\t<\/div>\n\t\t\t\t<\/div>\n\t\t<div class=\"elementor-element elementor-element-f0836cb e-flex e-con-boxed e-con e-parent\" data-id=\"f0836cb\" data-element_type=\"container\">\n\t\t\t\t\t<div class=\"e-con-inner\">\n\t\t\t\t<div class=\"elementor-element elementor-element-537d602 elementor-widget elementor-widget-text-editor\" data-id=\"537d602\" data-element_type=\"widget\" data-widget_type=\"text-editor.default\">\n\t\t\t\t<div class=\"elementor-widget-container\">\n\t\t\t\t\t\t\t\t\t<h3><b>Par mums<\/b><\/h3><p><span style=\"font-weight: 400;\">M\u016bsu komanda izstr\u0101d\u0101 telemetrijas un maks\u0101jumu risin\u0101jumus kafijas un pa\u0161apkalpo\u0161an\u0101s tirdzniec\u012bbas autom\u0101tiem. Galvenais produkts ir Vendon Cloud \u2013 platforma, kas, izmantojot IoT ier\u012bci vBox, apkopo datus par autom\u0101tu darb\u012bbu un tehnisko st\u0101vokli. Tas \u013cauj m\u016bsu klientiem re\u0101llaik\u0101 p\u0101rraudz\u012bt savu autom\u0101tu floti, sekot p\u0101rdo\u0161anas rezult\u0101tiem, analiz\u0113t pat\u0113ri\u0146a paradumus un efekt\u012bv\u0101k pl\u0101not apkalpo\u0161anas procesus.<\/span><\/p><p><span style=\"font-weight: 400;\">Vendon risin\u0101jumus lieto klienti vair\u0101k nek\u0101 90 valst\u012bs, to starp\u0101 t\u0101di glob\u0101li industrijas sp\u0113l\u0113t\u0101ji k\u0101 Nestl\u00e9 Professional, Starbucks un Selecta.\u00a0<\/span><\/p><p><span style=\"font-weight: 400;\">Vendon ir unik\u0101la darba vieta, jo apvieno Latvij\u0101 dibin\u0101ta uz\u0146\u0113muma garu ar starptautiska m\u0113roga pieredzi un resursiem. M\u0113s str\u0101d\u0101jam, ne tikai ar klientiem no visas pasaules, bet dar\u0101m to kop\u0101 ar zino\u0161iem kol\u0113\u0123iem no da\u017e\u0101d\u0101m Eiropas valst\u012bm.<\/span><\/p><p>\u00a0<\/p><h3><strong>Tev uztic\u0113sim:<\/strong><\/h3><ul><li style=\"font-weight: 400;\" aria-level=\"1\"><span style=\"font-weight: 400;\">jaunu klientu piesaisti (aptuveni 80% no darba), k\u0101 ar\u012b ilgtermi\u0146a sadarb\u012bbas veicin\u0101\u0161anu ar eso\u0161iem klientiem vis\u0101 pasaul\u0113\u00a0<\/span><\/li><li style=\"font-weight: 400;\" aria-level=\"1\"><span style=\"font-weight: 400;\">klientu vajadz\u012bbu apzin\u0101\u0161anu un izgl\u012bto\u0161anu par m\u016bsu produktu un risin\u0101jumu iesp\u0113j\u0101m<\/span><\/li><li style=\"font-weight: 400;\" aria-level=\"1\"><span style=\"font-weight: 400;\">komunik\u0101ciju ar starptautiska m\u0113roga klientiem<\/span><\/li><li style=\"font-weight: 400;\" aria-level=\"1\"><span style=\"font-weight: 400;\">vad\u012bt un koordin\u0113t klientu projektus, sekot l\u012bdzi to gaitai un uz\u0146emties atbild\u012bbu par to veiksm\u012bgu realiz\u0101ciju<\/span><\/li><li style=\"font-weight: 400;\" aria-level=\"1\"><span style=\"font-weight: 400;\">sadarb\u012bbu ar p\u0113cp\u0101rdo\u0161anas un klientu atbalsta noda\u013cu, lai nodro\u0161in\u0101tu izcilu klientu servisu<\/span><\/li><li style=\"font-weight: 400;\" aria-level=\"1\"><span style=\"font-weight: 400;\">ien\u0101ko\u0161o klientu intereses apstr\u0101di<\/span><\/li><li style=\"font-weight: 400;\" aria-level=\"1\"><span style=\"font-weight: 400;\">dal\u012bbu liel\u0101kaj\u0101s nozares izst\u0101d\u0113s da\u017e\u0101d\u0101s pasaules valst\u012bs<\/span><\/li><\/ul><h3><strong>No Tevis sagaid\u0101m:<\/strong><\/h3><ul><li style=\"font-weight: 400;\" aria-level=\"1\"><span style=\"font-weight: 400;\">vismaz 2 gadu starptautiskas p\u0101rdo\u0161anas pieredzi tehnolo\u0123iju \/ IT \/ SaaS uz\u0146\u0113mum\u0101 vai B2B segment\u0101<\/span><\/li><li style=\"font-weight: 400;\" aria-level=\"1\"><span style=\"font-weight: 400;\">pieredzi aukstaj\u0101 p\u0101rdo\u0161an\u0101 (izmantojot epastu, LinkedIn, zvanus) ang\u013cu valod\u0101 starptautisk\u0101 l\u012bmen\u012b<\/span><\/li><li style=\"font-weight: 400;\" aria-level=\"1\"><span style=\"font-weight: 400;\">izcilas ang\u013cu un latvie\u0161u valodas zin\u0101\u0161anas (darba valoda 70% ang\u013cu valoda)<\/span><\/li><li style=\"font-weight: 400;\" aria-level=\"1\"><span style=\"font-weight: 400;\">lieliskas komunik\u0101cijas un p\u0101rliecin\u0101\u0161anas sp\u0113jas<\/span><\/li><li style=\"font-weight: 400;\" aria-level=\"1\"><span style=\"font-weight: 400;\">v\u0113lmi iedzi\u013cin\u0101ties klientu v\u0113lm\u0113s un probl\u0113m\u0101s, sp\u0113ju pied\u0101v\u0101t risin\u0101jumu<\/span><\/li><li style=\"font-weight: 400;\" aria-level=\"1\"><span style=\"font-weight: 400;\">v\u0113lmi un interesi iedzi\u013cin\u0101ties tehnisk\u0101s deta\u013c\u0101s<\/span><\/li><li style=\"font-weight: 400;\" aria-level=\"1\"><span style=\"font-weight: 400;\">interesi un izpratni par tehnolo\u0123iskiem un IT procesiem<\/span><\/li><li style=\"font-weight: 400;\" aria-level=\"1\"><span style=\"font-weight: 400;\">ener\u0123iskumu, m\u0113r\u0137tiec\u012bgumu un sp\u0113ju sasniegt rezult\u0101tus<\/span><\/li><li style=\"font-weight: 400;\" aria-level=\"1\"><span style=\"font-weight: 400;\">sp\u0113ju produkt\u012bvi un patst\u0101v\u012bgi str\u0101d\u0101t, organiz\u0113t savu darbu un laiku<\/span><\/li><li style=\"font-weight: 400;\" aria-level=\"1\"><span style=\"font-weight: 400;\">proakt\u012bvu dom\u0101\u0161anu, sp\u0113ju pie\u0146emt pamatotus l\u0113mumus<\/span><\/li><\/ul><h3><strong>Lai darb\u0101 ierastos ar prieku, m\u0113s pied\u0101v\u0101jam:<\/strong><\/h3><ul><li style=\"font-weight: 400;\" aria-level=\"1\"><span style=\"font-weight: 400;\">ikm\u0113ne\u0161a pamatalgu no <\/span><b>EUR 2500,-<\/b> <b>bruto <\/b><span style=\"font-weight: 400;\">(viss atkar\u012bgs no tav\u0101m zin\u0101\u0161an\u0101m, prasm\u0113m un l\u012bdz\u0161in\u0113j\u0101s pieredzes)<\/span><\/li><li style=\"font-weight: 400;\" aria-level=\"1\"><span style=\"font-weight: 400;\">motiv\u0101cijas sist\u0113mu, kas balst\u012bta uz sasniegtajiem rezult\u0101tiem kalend\u0101raj\u0101 gad\u0101<\/span><\/li><li style=\"font-weight: 400;\" aria-level=\"1\"><span style=\"font-weight: 400;\">bezr\u016bp\u012bgu darba vidi un m\u016bsdien\u012bgu biroju\u00a0<\/span><\/li><li style=\"font-weight: 400;\" aria-level=\"1\"><span style=\"font-weight: 400;\">hibr\u012bddarba modeli un elast\u012bgu darba laiku \u2013 darba dienu uzs\u0101kam laik\u0101 l\u012bdz plkst. 11.00<\/span><\/li><li style=\"font-weight: 400;\" aria-level=\"1\"><span style=\"font-weight: 400;\">iesp\u0113ju izv\u0113l\u0113ties darbam nepiecie\u0161amo tehnisko apr\u012bkojumu<\/span><\/li><li style=\"font-weight: 400;\" aria-level=\"1\"><span style=\"font-weight: 400;\">apmaks\u0101tas pusdienas biroj\u0101, k\u0101 ar\u012b brokastis tiem, kuru r\u012bts ir bijis steidz\u012bgs\u00a0<\/span><\/li><li style=\"font-weight: 400;\" aria-level=\"1\"><span style=\"font-weight: 400;\">individualiz\u0113tus darbinieku labumus p\u0113c p\u0101rbaudes laika, ar iesp\u0113ju izv\u0113l\u0113ties sev noder\u012bg\u0101kos (nor\u0113\u0137inu karte t\u0113ri\u0146iem \u0101rpus biroja, sporta papildprogramma, darba dev\u0113ja iemaksas Tav\u0101 3. pensiju l\u012bmen\u012b, papildus br\u012bvdienas)<\/span><\/li><li style=\"font-weight: 400;\" aria-level=\"1\"><span style=\"font-weight: 400;\">\u013coti labu vesel\u012bbas apdro\u0161in\u0101\u0161anas polisi, visas soci\u0101l\u0101s garantijas\u00a0<\/span><\/li><li style=\"font-weight: 400;\" aria-level=\"1\"><span style=\"font-weight: 400;\">papildus br\u012bvdienu dzim\u0161anas dien\u0101\u00a0<\/span><\/li><li style=\"font-weight: 400;\" aria-level=\"1\"><span style=\"font-weight: 400;\">vasaras period\u0101 piektdienas ir sa\u012bsin\u0101t\u0101s darba dienas (str\u0101d\u0101jam par 2 h maz\u0101k)<\/span><\/li><li style=\"font-weight: 400;\" aria-level=\"1\"><span style=\"font-weight: 400;\">visu nepiecie\u0161amo veiksm\u012bgu komand\u0113jumu norisei<\/span><\/li><li style=\"font-weight: 400;\" aria-level=\"1\"><span style=\"font-weight: 400;\">jautrus komandas salied\u0113\u0161an\u0101s pas\u0101kumus, iedvesmojo\u0161as vieslekcijas, m\u0101c\u012bbu iesp\u0113jas<\/span><\/li><\/ul><p><strong>Gaid\u012bsim Tavu CV ang\u013cu valod\u0101, kur\u0101 past\u0101sti, k\u0101p\u0113c v\u0113lies b\u016bt da\u013ca no Vendon, uz <a href=\"mailto:work@vendon.net\">work@vendon.net<\/a><\/strong><\/p><p><span style=\"font-weight: 400;\">SIA Vendon (40103422387)<\/span><\/p>\t\t\t\t\t\t\t\t<\/div>\n\t\t\t\t<\/div>\n\t\t\t\t\t<\/div>\n\t\t\t\t<\/div>\n\t\t\t\t<\/div>","protected":false},"excerpt":{"rendered":"<p>Aicin\u0101m komand\u0101 P\u0101rdo\u0161anas projektu vad\u012bt\u0101ju Vendon aicina komand\u0101 kol\u0113\u0123i &#8211; p\u0101rdo\u0161anas projektu vad\u012bt\u0101ju,\u00a0kur\u0161\/-a k\u013c\u016bs par lielisku papildin\u0101jumu m\u016bsu eso\u0161ajai p\u0101rdo\u0161anas komandai. Darba vieta: R\u012bgaAtalgojums: no EUR 2500,- bruto Par mums M\u016bsu komanda izstr\u0101d\u0101 telemetrijas un maks\u0101jumu risin\u0101jumus kafijas un pa\u0161apkalpo\u0161an\u0101s tirdzniec\u012bbas autom\u0101tiem. Galvenais produkts ir Vendon Cloud \u2013 platforma, kas, izmantojot IoT ier\u012bci vBox, apkopo [&hellip;]<\/p>","protected":false},"author":22,"featured_media":0,"parent":17260,"menu_order":0,"comment_status":"closed","ping_status":"closed","template":"","meta":{"site-sidebar-layout":"no-sidebar","site-content-layout":"page-builder","ast-site-content-layout":"full-width-container","site-content-style":"default","site-sidebar-style":"default","ast-global-header-display":"","ast-banner-title-visibility":"","ast-main-header-display":"","ast-hfb-above-header-display":"","ast-hfb-below-header-display":"","ast-hfb-mobile-header-display":"","site-post-title":"disabled","ast-breadcrumbs-content":"","ast-featured-img":"disabled","footer-sml-layout":"","theme-transparent-header-meta":"default","adv-header-id-meta":"","stick-header-meta":"","header-above-stick-meta":"","header-main-stick-meta":"","header-below-stick-meta":"","astra-migrate-meta-layouts":"set","ast-page-background-enabled":"default","ast-page-background-meta":{"desktop":{"background-color":"","background-image":"","background-repeat":"repeat","background-position":"center center","background-size":"auto","background-attachment":"scroll","background-type":"","background-media":"","overlay-type":"","overlay-color":"","overlay-gradient":""},"tablet":{"background-color":"","background-image":"","background-repeat":"repeat","background-position":"center center","background-size":"auto","background-attachment":"scroll","background-type":"","background-media":"","overlay-type":"","overlay-color":"","overlay-gradient":""},"mobile":{"background-color":"","background-image":"","background-repeat":"repeat","background-position":"center center","background-size":"auto","background-attachment":"scroll","background-type":"","background-media":"","overlay-type":"","overlay-color":"","overlay-gradient":""}},"ast-content-background-meta":{"desktop":{"background-color":"var(--ast-global-color-5)","background-image":"","background-repeat":"repeat","background-position":"center center","background-size":"auto","background-attachment":"scroll","background-type":"","background-media":"","overlay-type":"","overlay-color":"","overlay-gradient":""},"tablet":{"background-color":"var(--ast-global-color-5)","background-image":"","background-repeat":"repeat","background-position":"center center","background-size":"auto","background-attachment":"scroll","background-type":"","background-media":"","overlay-type":"","overlay-color":"","overlay-gradient":""},"mobile":{"background-color":"var(--ast-global-color-5)","background-image":"","background-repeat":"repeat","background-position":"center center","background-size":"auto","background-attachment":"scroll","background-type":"","background-media":"","overlay-type":"","overlay-color":"","overlay-gradient":""}},"footnotes":""},"yoast_head":"<!-- This site is optimized with the Yoast SEO plugin v22.7 - https:\/\/yoast.com\/wordpress\/plugins\/seo\/ -->\n<title>P\u0101rdo\u0161anas projektu vad\u012bt\u0101js - Vendon<\/title>\n<meta name=\"robots\" content=\"index, follow, max-snippet:-1, max-image-preview:large, max-video-preview:-1\" \/>\n<link rel=\"canonical\" href=\"\/nl\/wp-json\/wp\/v2\/pages\/20402\" \/>\n<meta property=\"og:locale\" content=\"nl_NL\" \/>\n<meta property=\"og:type\" content=\"article\" \/>\n<meta property=\"og:title\" content=\"P\u0101rdo\u0161anas projektu vad\u012bt\u0101js - Vendon\" \/>\n<meta property=\"og:description\" content=\"Aicin\u0101m komand\u0101 P\u0101rdo\u0161anas projektu vad\u012bt\u0101ju Vendon aicina komand\u0101 kol\u0113\u0123i &#8211; p\u0101rdo\u0161anas projektu vad\u012bt\u0101ju,\u00a0kur\u0161\/-a k\u013c\u016bs par lielisku papildin\u0101jumu m\u016bsu eso\u0161ajai p\u0101rdo\u0161anas komandai. Darba vieta: R\u012bgaAtalgojums: no EUR 2500,- bruto Par mums M\u016bsu komanda izstr\u0101d\u0101 telemetrijas un maks\u0101jumu risin\u0101jumus kafijas un pa\u0161apkalpo\u0161an\u0101s tirdzniec\u012bbas autom\u0101tiem. Galvenais produkts ir Vendon Cloud \u2013 platforma, kas, izmantojot IoT ier\u012bci vBox, apkopo [&hellip;]\" \/>\n<meta property=\"og:url\" content=\"https:\/\/vendon.net\/nl\/career\/pardosanas-projektu-vaditajs\/\" \/>\n<meta property=\"og:site_name\" content=\"Vendon\" \/>\n<meta property=\"article:modified_time\" content=\"2025-10-01T14:47:03+00:00\" \/>\n<meta property=\"og:image\" content=\"https:\/\/vendon.net\/wp-content\/uploads\/2025\/09\/Contact-Vendon-2-1024x885.webp\" \/>\n<meta name=\"twitter:card\" content=\"summary_large_image\" \/>\n<meta name=\"twitter:label1\" content=\"Geschatte leestijd\" \/>\n\t<meta name=\"twitter:data1\" content=\"3 minuten\" \/>\n<script type=\"application\/ld+json\" class=\"yoast-schema-graph\">{\"@context\":\"https:\/\/schema.org\",\"@graph\":[{\"@type\":\"WebPage\",\"@id\":\"https:\/\/vendon.net\/career\/pardosanas-projektu-vaditajs\/\",\"url\":\"https:\/\/vendon.net\/career\/pardosanas-projektu-vaditajs\/\",\"name\":\"P\u0101rdo\u0161anas projektu vad\u012bt\u0101js - Vendon\",\"isPartOf\":{\"@id\":\"https:\/\/vendon.net\/#website\"},\"primaryImageOfPage\":{\"@id\":\"https:\/\/vendon.net\/career\/pardosanas-projektu-vaditajs\/#primaryimage\"},\"image\":{\"@id\":\"https:\/\/vendon.net\/career\/pardosanas-projektu-vaditajs\/#primaryimage\"},\"thumbnailUrl\":\"https:\/\/vendon.net\/wp-content\/uploads\/2025\/09\/Contact-Vendon-2-1024x885.webp\",\"datePublished\":\"2025-10-01T12:05:29+00:00\",\"dateModified\":\"2025-10-01T14:47:03+00:00\",\"breadcrumb\":{\"@id\":\"https:\/\/vendon.net\/career\/pardosanas-projektu-vaditajs\/#breadcrumb\"},\"inLanguage\":\"nl\",\"potentialAction\":[{\"@type\":\"ReadAction\",\"target\":[\"https:\/\/vendon.net\/career\/pardosanas-projektu-vaditajs\/\"]}]},{\"@type\":\"ImageObject\",\"inLanguage\":\"nl\",\"@id\":\"https:\/\/vendon.net\/career\/pardosanas-projektu-vaditajs\/#primaryimage\",\"url\":\"https:\/\/vendon.net\/wp-content\/uploads\/2025\/09\/Contact-Vendon-2-1024x885.webp\",\"contentUrl\":\"https:\/\/vendon.net\/wp-content\/uploads\/2025\/09\/Contact-Vendon-2-1024x885.webp\"},{\"@type\":\"BreadcrumbList\",\"@id\":\"https:\/\/vendon.net\/career\/pardosanas-projektu-vaditajs\/#breadcrumb\",\"itemListElement\":[{\"@type\":\"ListItem\",\"position\":1,\"name\":\"Career\",\"item\":\"https:\/\/vendon.net\/career\/\"},{\"@type\":\"ListItem\",\"position\":2,\"name\":\"P\u0101rdo\u0161anas projektu vad\u012bt\u0101js\"}]},{\"@type\":\"WebSite\",\"@id\":\"https:\/\/vendon.net\/#website\",\"url\":\"https:\/\/vendon.net\/\",\"name\":\"Vendon\",\"description\":\"\",\"publisher\":{\"@id\":\"https:\/\/vendon.net\/#organization\"},\"potentialAction\":[{\"@type\":\"SearchAction\",\"target\":{\"@type\":\"EntryPoint\",\"urlTemplate\":\"https:\/\/vendon.net\/?s={search_term_string}\"},\"query-input\":\"required name=search_term_string\"}],\"inLanguage\":\"nl\"},{\"@type\":\"Organization\",\"@id\":\"https:\/\/vendon.net\/#organization\",\"name\":\"Vendon\",\"url\":\"https:\/\/vendon.net\/\",\"logo\":{\"@type\":\"ImageObject\",\"inLanguage\":\"nl\",\"@id\":\"https:\/\/vendon.net\/#\/schema\/logo\/image\/\",\"url\":\"https:\/\/vendon.net\/wp-content\/uploads\/2022\/07\/Layer_1.svg\",\"contentUrl\":\"https:\/\/vendon.net\/wp-content\/uploads\/2022\/07\/Layer_1.svg\",\"width\":197,\"height\":40,\"caption\":\"Vendon\"},\"image\":{\"@id\":\"https:\/\/vendon.net\/#\/schema\/logo\/image\/\"}}]}<\/script>\n<!-- \/ Yoast SEO plugin. -->","yoast_head_json":{"title":"P\u0101rdo\u0161anas projektu vad\u012bt\u0101js - Vendon","robots":{"index":"index","follow":"follow","max-snippet":"max-snippet:-1","max-image-preview":"max-image-preview:large","max-video-preview":"max-video-preview:-1"},"canonical":"\/nl\/wp-json\/wp\/v2\/pages\/20402","og_locale":"nl_NL","og_type":"article","og_title":"P\u0101rdo\u0161anas projektu vad\u012bt\u0101js - Vendon","og_description":"Aicin\u0101m komand\u0101 P\u0101rdo\u0161anas projektu vad\u012bt\u0101ju Vendon aicina komand\u0101 kol\u0113\u0123i &#8211; p\u0101rdo\u0161anas projektu vad\u012bt\u0101ju,\u00a0kur\u0161\/-a k\u013c\u016bs par lielisku papildin\u0101jumu m\u016bsu eso\u0161ajai p\u0101rdo\u0161anas komandai. Darba vieta: R\u012bgaAtalgojums: no EUR 2500,- bruto Par mums M\u016bsu komanda izstr\u0101d\u0101 telemetrijas un maks\u0101jumu risin\u0101jumus kafijas un pa\u0161apkalpo\u0161an\u0101s tirdzniec\u012bbas autom\u0101tiem. Galvenais produkts ir Vendon Cloud \u2013 platforma, kas, izmantojot IoT ier\u012bci vBox, apkopo [&hellip;]","og_url":"https:\/\/vendon.net\/nl\/career\/pardosanas-projektu-vaditajs\/","og_site_name":"Vendon","article_modified_time":"2025-10-01T14:47:03+00:00","og_image":[{"url":"https:\/\/vendon.net\/wp-content\/uploads\/2025\/09\/Contact-Vendon-2-1024x885.webp"}],"twitter_card":"summary_large_image","twitter_misc":{"Geschatte leestijd":"3 minuten"},"schema":{"@context":"https:\/\/schema.org","@graph":[{"@type":"WebPage","@id":"https:\/\/vendon.net\/career\/pardosanas-projektu-vaditajs\/","url":"https:\/\/vendon.net\/career\/pardosanas-projektu-vaditajs\/","name":"P\u0101rdo\u0161anas projektu vad\u012bt\u0101js - Vendon","isPartOf":{"@id":"https:\/\/vendon.net\/#website"},"primaryImageOfPage":{"@id":"https:\/\/vendon.net\/career\/pardosanas-projektu-vaditajs\/#primaryimage"},"image":{"@id":"https:\/\/vendon.net\/career\/pardosanas-projektu-vaditajs\/#primaryimage"},"thumbnailUrl":"https:\/\/vendon.net\/wp-content\/uploads\/2025\/09\/Contact-Vendon-2-1024x885.webp","datePublished":"2025-10-01T12:05:29+00:00","dateModified":"2025-10-01T14:47:03+00:00","breadcrumb":{"@id":"https:\/\/vendon.net\/career\/pardosanas-projektu-vaditajs\/#breadcrumb"},"inLanguage":"nl","potentialAction":[{"@type":"ReadAction","target":["https:\/\/vendon.net\/career\/pardosanas-projektu-vaditajs\/"]}]},{"@type":"ImageObject","inLanguage":"nl","@id":"https:\/\/vendon.net\/career\/pardosanas-projektu-vaditajs\/#primaryimage","url":"https:\/\/vendon.net\/wp-content\/uploads\/2025\/09\/Contact-Vendon-2-1024x885.webp","contentUrl":"https:\/\/vendon.net\/wp-content\/uploads\/2025\/09\/Contact-Vendon-2-1024x885.webp"},{"@type":"BreadcrumbList","@id":"https:\/\/vendon.net\/career\/pardosanas-projektu-vaditajs\/#breadcrumb","itemListElement":[{"@type":"ListItem","position":1,"name":"Career","item":"https:\/\/vendon.net\/career\/"},{"@type":"ListItem","position":2,"name":"P\u0101rdo\u0161anas projektu vad\u012bt\u0101js"}]},{"@type":"WebSite","@id":"https:\/\/vendon.net\/#website","url":"https:\/\/vendon.net\/","name":"Vendon","description":"","publisher":{"@id":"https:\/\/vendon.net\/#organization"},"potentialAction":[{"@type":"SearchAction","target":{"@type":"EntryPoint","urlTemplate":"https:\/\/vendon.net\/?s={search_term_string}"},"query-input":"required name=search_term_string"}],"inLanguage":"nl"},{"@type":"Organization","@id":"https:\/\/vendon.net\/#organization","name":"Vendon","url":"https:\/\/vendon.net\/","logo":{"@type":"ImageObject","inLanguage":"nl","@id":"https:\/\/vendon.net\/#\/schema\/logo\/image\/","url":"https:\/\/vendon.net\/wp-content\/uploads\/2022\/07\/Layer_1.svg","contentUrl":"https:\/\/vendon.net\/wp-content\/uploads\/2022\/07\/Layer_1.svg","width":197,"height":40,"caption":"Vendon"},"image":{"@id":"https:\/\/vendon.net\/#\/schema\/logo\/image\/"}}]}},"_links":{"self":[{"href":"https:\/\/vendon.net\/nl\/wp-json\/wp\/v2\/pages\/20402"}],"collection":[{"href":"https:\/\/vendon.net\/nl\/wp-json\/wp\/v2\/pages"}],"about":[{"href":"https:\/\/vendon.net\/nl\/wp-json\/wp\/v2\/types\/page"}],"author":[{"embeddable":true,"href":"https:\/\/vendon.net\/nl\/wp-json\/wp\/v2\/users\/22"}],"replies":[{"embeddable":true,"href":"https:\/\/vendon.net\/nl\/wp-json\/wp\/v2\/comments?post=20402"}],"version-history":[{"count":16,"href":"https:\/\/vendon.net\/nl\/wp-json\/wp\/v2\/pages\/20402\/revisions"}],"predecessor-version":[{"id":20469,"href":"https:\/\/vendon.net\/nl\/wp-json\/wp\/v2\/pages\/20402\/revisions\/20469"}],"up":[{"embeddable":true,"href":"https:\/\/vendon.net\/nl\/wp-json\/wp\/v2\/pages\/17260"}],"wp:attachment":[{"href":"https:\/\/vendon.net\/nl\/wp-json\/wp\/v2\/media?parent=20402"}],"curies":[{"name":"wp","href":"https:\/\/api.w.org\/{rel}","templated":true}]}}